{"id":5169,"date":"2023-01-31T08:51:55","date_gmt":"2023-01-31T06:51:55","guid":{"rendered":"https:\/\/www.louvrecorfu.com\/celebrations-festivals\/"},"modified":"2024-03-08T15:17:25","modified_gmt":"2024-03-08T13:17:25","slug":"celebrations-festivals","status":"publish","type":"page","link":"https:\/\/www.louvrecorfu.com\/fr\/celebrations-festivals\/","title":{"rendered":"C\u00e9l\u00e9brations et festivals"},"content":{"rendered":"\t\t<div data-elementor-type=\"wp-page\" data-elementor-id=\"5169\" class=\"elementor elementor-5169 elementor-85\" data-elementor-post-type=\"page\">\n\t\t\t\t<div class=\"elementor-element elementor-element-2edac79 e-flex e-con-boxed e-con e-parent\" data-id=\"2edac79\" data-element_type=\"container\" data-core-v316-plus=\"true\">\n\t\t\t\t\t<div class=\"e-con-inner\">\n\t\t<div class=\"elementor-element elementor-element-12d55ab e-con-full e-flex e-con e-child\" data-id=\"12d55ab\" data-element_type=\"container\">\n\t\t\t\t<div class=\"elementor-element elementor-element-1d9277a elementor-widget elementor-widget-heading\" data-id=\"1d9277a\" data-element_type=\"widget\" data-widget_type=\"heading.default\">\n\t\t\t\t<div class=\"elementor-widget-container\">\n\t\t\t<style>\/*! elementor - v3.20.0 - 26-03-2024 *\/\n.elementor-heading-title{padding:0;margin:0;line-height:1}.elementor-widget-heading .elementor-heading-title[class*=elementor-size-]>a{color:inherit;font-size:inherit;line-height:inherit}.elementor-widget-heading .elementor-heading-title.elementor-size-small{font-size:15px}.elementor-widget-heading .elementor-heading-title.elementor-size-medium{font-size:19px}.elementor-widget-heading .elementor-heading-title.elementor-size-large{font-size:29px}.elementor-widget-heading .elementor-heading-title.elementor-size-xl{font-size:39px}.elementor-widget-heading .elementor-heading-title.elementor-size-xxl{font-size:59px}<\/style><h1 class=\"elementor-heading-title elementor-size-default\">C\u00e9l\u00e9brations et festivals<\/h1>\t\t<\/div>\n\t\t\t\t<\/div>\n\t\t\t\t<\/div>\n\t\t\t\t\t<\/div>\n\t\t\t\t<\/div>\n\t\t<div class=\"elementor-element elementor-element-c49a400 e-flex e-con-boxed e-con e-parent\" data-id=\"c49a400\" data-element_type=\"container\" data-core-v316-plus=\"true\">\n\t\t\t\t\t<div class=\"e-con-inner\">\n\t\t<div class=\"elementor-element elementor-element-848f76b e-con-full e-flex e-con e-child\" data-id=\"848f76b\" data-element_type=\"container\">\n\t\t\t\t<div class=\"elementor-element elementor-element-45b35ec elementor-widget elementor-widget-tp-blog-listout\" data-id=\"45b35ec\" data-element_type=\"widget\" data-widget_type=\"tp-blog-listout.default\">\n\t\t\t\t<div class=\"elementor-widget-container\">\n\t\t\t<div id=\"pt-plus-blog-post-list\" class=\"blog-list post69e1f483bf008  list-isotope  blog-style-3 hover-image-none layout-style-1 \"  data-layout-type=\"fitRows\"   data-id=\"post69e1f483bf008\" data-style=\"style-3\"   dir= data-enable-isotope=\"1\" ><div id=\"post69e1f483bf008\" class=\"tp-row post-inner-loop post69e1f483bf008  content-left \"><div class=\"grid-item metro-item  tp-col-lg-12 tp-col-md-12 tp-col-sm-12 tp-col-12  \"><article id=\"post-4227\" class=\"post-4227 post type-post status-publish format-standard has-post-thumbnail hentry category-celebrations-festivals-fr tag-celebrations-festivals-fr tag-corfu-fr tag-easter-fr\">\n\t<div class=\"blog-list-content d-flex flex-row flex-wrap tp-align-items-center\">\n\t\t\t\t<div class=\"post-content-image tp-col-12 tp-col-md-4 tp-col-sm-4 tp-col-xs-12 flex-column flex-wrap\">\n\t\t\t<a href=\"https:\/\/www.louvrecorfu.com\/fr\/la-semaine-de-paques-a-corfou\/\">\n\t\t\t\t\t<div class=\"blog-featured-image  tp-cst-img-full img\">\n\t<span class=\"thumb-wrap\">\n\t\t<img fetchpriority=\"high\" decoding=\"async\" width=\"1200\" height=\"670\" src=\"https:\/\/www.louvrecorfu.com\/wp-content\/uploads\/corfu-easter2.jpg\" class=\"attachment-full size-full\" alt=\"Easter in Corfu\" srcset=\"https:\/\/www.louvrecorfu.com\/wp-content\/uploads\/corfu-easter2.jpg 1200w, https:\/\/www.louvrecorfu.com\/wp-content\/uploads\/corfu-easter2-300x168.jpg 300w, https:\/\/www.louvrecorfu.com\/wp-content\/uploads\/corfu-easter2-1024x572.jpg 1024w, https:\/\/www.louvrecorfu.com\/wp-content\/uploads\/corfu-easter2-768x429.jpg 768w\" sizes=\"(max-width: 1200px) 100vw, 1200px\" \/>\t<\/span>\n\t<\/div>\t\t\t<\/a>\n\t\t<\/div>\n\t\t\t\t<div class=\"post-content-bottom tp-col-12 tp-col-md-8 tp-col-sm-8 tp-col-xs-12 flex-column flex-wrap\">\n\t\t\t<div class=\"post-metro-content\">\n\t<h3 class=\"post-title\">\n\t<a href=\"https:\/\/www.louvrecorfu.com\/fr\/la-semaine-de-paques-a-corfou\/\" class=\"normal\">La semaine de P\u00e2ques \u00e0 Corfou<\/a>\n<\/h3>\t\t\t<div class=\"post-hover-content\">\n\t\t\t<div class=\"entry-content\">\n\t<p>Ceci est le moment o\u00f9 Corfou fait ressortir \u00e0...<\/p>\n<\/div>\t\t<\/div>\n\t\t\t<div class=\"pt-plus-button-wrapper\"><div class=\"button_parallax\"><div class=\"ts-button\"><div class=\"pt_plus_button btn69e1f483bfb71 button-style-7 \"><div class=\"animted-content-inner\"><a href=\"https:\/\/www.louvrecorfu.com\/fr\/la-semaine-de-paques-a-corfou\/\" rel=\"nofollow\" class=\"button-link-wrap\" role=\"button\">Read More<span class=\"btn-arrow\"><\/span><\/a><\/div><\/div><\/div><\/div><\/div><\/div>\t\t<\/div>\n\t\t\t<\/div>\n<\/article><\/div><div class=\"grid-item metro-item  tp-col-lg-12 tp-col-md-12 tp-col-sm-12 tp-col-12  \"><article id=\"post-4229\" class=\"post-4229 post type-post status-publish format-standard has-post-thumbnail hentry category-celebrations-festivals-fr tag-1st-of-may-fr tag-celebrations-festivals-fr tag-corfu-fr\">\n\t<div class=\"blog-list-content d-flex flex-row flex-wrap tp-align-items-center\">\n\t\t\t\t<div class=\"post-content-image tp-col-12 tp-col-md-4 tp-col-sm-4 tp-col-xs-12 flex-column flex-wrap\">\n\t\t\t<a href=\"https:\/\/www.louvrecorfu.com\/fr\/le-1er-mai\/\">\n\t\t\t\t\t<div class=\"blog-featured-image  tp-cst-img-full img\">\n\t<span class=\"thumb-wrap\">\n\t\t<img decoding=\"async\" width=\"1100\" height=\"400\" src=\"https:\/\/www.louvrecorfu.com\/wp-content\/uploads\/1st-of-mai.jpg\" class=\"attachment-full size-full\" alt=\"1st of May\" srcset=\"https:\/\/www.louvrecorfu.com\/wp-content\/uploads\/1st-of-mai.jpg 1100w, https:\/\/www.louvrecorfu.com\/wp-content\/uploads\/1st-of-mai-300x109.jpg 300w, https:\/\/www.louvrecorfu.com\/wp-content\/uploads\/1st-of-mai-1024x372.jpg 1024w, https:\/\/www.louvrecorfu.com\/wp-content\/uploads\/1st-of-mai-768x279.jpg 768w\" sizes=\"(max-width: 1100px) 100vw, 1100px\" \/>\t<\/span>\n\t<\/div>\t\t\t<\/a>\n\t\t<\/div>\n\t\t\t\t<div class=\"post-content-bottom tp-col-12 tp-col-md-8 tp-col-sm-8 tp-col-xs-12 flex-column flex-wrap\">\n\t\t\t<div class=\"post-metro-content\">\n\t<h3 class=\"post-title\">\n\t<a href=\"https:\/\/www.louvrecorfu.com\/fr\/le-1er-mai\/\" class=\"normal\">Le 1er Mai<\/a>\n<\/h3>\t\t\t<div class=\"post-hover-content\">\n\t\t\t<div class=\"entry-content\">\n\t<p>Journ\u00e9e mai en Gr\u00e8ce Ceci est le jour de...<\/p>\n<\/div>\t\t<\/div>\n\t\t\t<div class=\"pt-plus-button-wrapper\"><div class=\"button_parallax\"><div class=\"ts-button\"><div class=\"pt_plus_button btn69e1f483c7e1f button-style-7 \"><div class=\"animted-content-inner\"><a href=\"https:\/\/www.louvrecorfu.com\/fr\/le-1er-mai\/\" rel=\"nofollow\" class=\"button-link-wrap\" role=\"button\">Read More<span class=\"btn-arrow\"><\/span><\/a><\/div><\/div><\/div><\/div><\/div><\/div>\t\t<\/div>\n\t\t\t<\/div>\n<\/article><\/div><div class=\"grid-item metro-item  tp-col-lg-12 tp-col-md-12 tp-col-sm-12 tp-col-12  \"><article id=\"post-4234\" class=\"post-4234 post type-post status-publish format-standard has-post-thumbnail hentry category-celebrations-festivals-fr tag-celebrations-festivals-fr tag-corfu-fr tag-unification-of-the-ionian-islands-fr\">\n\t<div class=\"blog-list-content d-flex flex-row flex-wrap tp-align-items-center\">\n\t\t\t\t<div class=\"post-content-image tp-col-12 tp-col-md-4 tp-col-sm-4 tp-col-xs-12 flex-column flex-wrap\">\n\t\t\t<a href=\"https:\/\/www.louvrecorfu.com\/fr\/unification-des-iles-ioniennes\/\">\n\t\t\t\t\t<div class=\"blog-featured-image  tp-cst-img-full img\">\n\t<span class=\"thumb-wrap\">\n\t\t<img decoding=\"async\" width=\"1100\" height=\"400\" src=\"https:\/\/www.louvrecorfu.com\/wp-content\/uploads\/ionian-island-unification01.jpg\" class=\"attachment-full size-full\" alt=\"Unification of the Ionian Islands\" srcset=\"https:\/\/www.louvrecorfu.com\/wp-content\/uploads\/ionian-island-unification01.jpg 1100w, https:\/\/www.louvrecorfu.com\/wp-content\/uploads\/ionian-island-unification01-300x109.jpg 300w, https:\/\/www.louvrecorfu.com\/wp-content\/uploads\/ionian-island-unification01-1024x372.jpg 1024w, https:\/\/www.louvrecorfu.com\/wp-content\/uploads\/ionian-island-unification01-768x279.jpg 768w\" sizes=\"(max-width: 1100px) 100vw, 1100px\" \/>\t<\/span>\n\t<\/div>\t\t\t<\/a>\n\t\t<\/div>\n\t\t\t\t<div class=\"post-content-bottom tp-col-12 tp-col-md-8 tp-col-sm-8 tp-col-xs-12 flex-column flex-wrap\">\n\t\t\t<div class=\"post-metro-content\">\n\t<h3 class=\"post-title\">\n\t<a href=\"https:\/\/www.louvrecorfu.com\/fr\/unification-des-iles-ioniennes\/\" class=\"normal\">Unification des \u00eeles Ioniennes<\/a>\n<\/h3>\t\t\t<div class=\"post-hover-content\">\n\t\t\t<div class=\"entry-content\">\n\t<p>Apr\u00e8s la lib\u00e9ration de la Gr\u00e8ce et la mise...<\/p>\n<\/div>\t\t<\/div>\n\t\t\t<div class=\"pt-plus-button-wrapper\"><div class=\"button_parallax\"><div class=\"ts-button\"><div class=\"pt_plus_button btn69e1f483ca8e6 button-style-7 \"><div class=\"animted-content-inner\"><a href=\"https:\/\/www.louvrecorfu.com\/fr\/unification-des-iles-ioniennes\/\" rel=\"nofollow\" class=\"button-link-wrap\" role=\"button\">Read More<span class=\"btn-arrow\"><\/span><\/a><\/div><\/div><\/div><\/div><\/div><\/div>\t\t<\/div>\n\t\t\t<\/div>\n<\/article><\/div><div class=\"grid-item metro-item  tp-col-lg-12 tp-col-md-12 tp-col-sm-12 tp-col-12  \"><article id=\"post-4236\" class=\"post-4236 post type-post status-publish format-standard has-post-thumbnail hentry category-celebrations-festivals-fr tag-celebrations-festivals-fr tag-corfu-fr tag-greek-traditional-festivals-panigiria-fr\">\n\t<div class=\"blog-list-content d-flex flex-row flex-wrap tp-align-items-center\">\n\t\t\t\t<div class=\"post-content-image tp-col-12 tp-col-md-4 tp-col-sm-4 tp-col-xs-12 flex-column flex-wrap\">\n\t\t\t<a href=\"https:\/\/www.louvrecorfu.com\/fr\/manifestations-estivales\/\">\n\t\t\t\t\t<div class=\"blog-featured-image  tp-cst-img-full img\">\n\t<span class=\"thumb-wrap\">\n\t\t<img loading=\"lazy\" decoding=\"async\" width=\"1100\" height=\"400\" src=\"https:\/\/www.louvrecorfu.com\/wp-content\/uploads\/corfu-summer.jpg\" class=\"attachment-full size-full\" alt=\"Corfu Summer Greek Traditional Festivals (Panigiria)\" srcset=\"https:\/\/www.louvrecorfu.com\/wp-content\/uploads\/corfu-summer.jpg 1100w, https:\/\/www.louvrecorfu.com\/wp-content\/uploads\/corfu-summer-300x109.jpg 300w, https:\/\/www.louvrecorfu.com\/wp-content\/uploads\/corfu-summer-1024x372.jpg 1024w, https:\/\/www.louvrecorfu.com\/wp-content\/uploads\/corfu-summer-768x279.jpg 768w\" sizes=\"(max-width: 1100px) 100vw, 1100px\" \/>\t<\/span>\n\t<\/div>\t\t\t<\/a>\n\t\t<\/div>\n\t\t\t\t<div class=\"post-content-bottom tp-col-12 tp-col-md-8 tp-col-sm-8 tp-col-xs-12 flex-column flex-wrap\">\n\t\t\t<div class=\"post-metro-content\">\n\t<h3 class=\"post-title\">\n\t<a href=\"https:\/\/www.louvrecorfu.com\/fr\/manifestations-estivales\/\" class=\"normal\">Manifestations Estivales<\/a>\n<\/h3>\t\t\t<div class=\"post-hover-content\">\n\t\t\t<div class=\"entry-content\">\n\t<p>\u00c0 Corfou, ao\u00fbt est le mois o\u00f9 se d\u00e9roulent...<\/p>\n<\/div>\t\t<\/div>\n\t\t\t<div class=\"pt-plus-button-wrapper\"><div class=\"button_parallax\"><div class=\"ts-button\"><div class=\"pt_plus_button btn69e1f483cd108 button-style-7 \"><div class=\"animted-content-inner\"><a href=\"https:\/\/www.louvrecorfu.com\/fr\/manifestations-estivales\/\" rel=\"nofollow\" class=\"button-link-wrap\" role=\"button\">Read More<span class=\"btn-arrow\"><\/span><\/a><\/div><\/div><\/div><\/div><\/div><\/div>\t\t<\/div>\n\t\t\t<\/div>\n<\/article><\/div><div class=\"grid-item metro-item  tp-col-lg-12 tp-col-md-12 tp-col-sm-12 tp-col-12  \"><article id=\"post-4238\" class=\"post-4238 post type-post status-publish format-standard has-post-thumbnail hentry category-celebrations-festivals-fr tag-celebrations-festivals-fr tag-corfu-fr tag-ohi-day-fr\">\n\t<div class=\"blog-list-content d-flex flex-row flex-wrap tp-align-items-center\">\n\t\t\t\t<div class=\"post-content-image tp-col-12 tp-col-md-4 tp-col-sm-4 tp-col-xs-12 flex-column flex-wrap\">\n\t\t\t<a href=\"https:\/\/www.louvrecorfu.com\/fr\/no-day-jour-ohi\/\">\n\t\t\t\t\t<div class=\"blog-featured-image  tp-cst-img-full img\">\n\t<span class=\"thumb-wrap\">\n\t\t<img loading=\"lazy\" decoding=\"async\" width=\"1100\" height=\"436\" src=\"https:\/\/www.louvrecorfu.com\/wp-content\/uploads\/ohi-day.jpg\" class=\"attachment-full size-full\" alt=\"Corfu - Ohi Day\" srcset=\"https:\/\/www.louvrecorfu.com\/wp-content\/uploads\/ohi-day.jpg 1100w, https:\/\/www.louvrecorfu.com\/wp-content\/uploads\/ohi-day-300x119.jpg 300w, https:\/\/www.louvrecorfu.com\/wp-content\/uploads\/ohi-day-1024x406.jpg 1024w, https:\/\/www.louvrecorfu.com\/wp-content\/uploads\/ohi-day-768x304.jpg 768w\" sizes=\"(max-width: 1100px) 100vw, 1100px\" \/>\t<\/span>\n\t<\/div>\t\t\t<\/a>\n\t\t<\/div>\n\t\t\t\t<div class=\"post-content-bottom tp-col-12 tp-col-md-8 tp-col-sm-8 tp-col-xs-12 flex-column flex-wrap\">\n\t\t\t<div class=\"post-metro-content\">\n\t<h3 class=\"post-title\">\n\t<a href=\"https:\/\/www.louvrecorfu.com\/fr\/no-day-jour-ohi\/\" class=\"normal\">No Day (Jour Ohi)<\/a>\n<\/h3>\t\t\t<div class=\"post-hover-content\">\n\t\t\t<div class=\"entry-content\">\n\t<p>Pendant la Seconde Guerre mondiale, Mussolini a lanc\u00e9 un...<\/p>\n<\/div>\t\t<\/div>\n\t\t\t<div class=\"pt-plus-button-wrapper\"><div class=\"button_parallax\"><div class=\"ts-button\"><div class=\"pt_plus_button btn69e1f483cf177 button-style-7 \"><div class=\"animted-content-inner\"><a href=\"https:\/\/www.louvrecorfu.com\/fr\/no-day-jour-ohi\/\" rel=\"nofollow\" class=\"button-link-wrap\" role=\"button\">Read More<span class=\"btn-arrow\"><\/span><\/a><\/div><\/div><\/div><\/div><\/div><\/div>\t\t<\/div>\n\t\t\t<\/div>\n<\/article><\/div><\/div><\/div>\t\t<\/div>\n\t\t\t\t<\/div>\n\t\t\t\t<div class=\"elementor-element elementor-element-7e54412 elementor-widget elementor-widget-spacer\" data-id=\"7e54412\" data-element_type=\"widget\" data-widget_type=\"spacer.default\">\n\t\t\t\t<div class=\"elementor-widget-container\">\n\t\t\t<style>\/*! elementor - v3.20.0 - 26-03-2024 *\/\n.elementor-column .elementor-spacer-inner{height:var(--spacer-size)}.e-con{--container-widget-width:100%}.e-con-inner>.elementor-widget-spacer,.e-con>.elementor-widget-spacer{width:var(--container-widget-width,var(--spacer-size));--align-self:var(--container-widget-align-self,initial);--flex-shrink:0}.e-con-inner>.elementor-widget-spacer>.elementor-widget-container,.e-con>.elementor-widget-spacer>.elementor-widget-container{height:100%;width:100%}.e-con-inner>.elementor-widget-spacer>.elementor-widget-container>.elementor-spacer,.e-con>.elementor-widget-spacer>.elementor-widget-container>.elementor-spacer{height:100%}.e-con-inner>.elementor-widget-spacer>.elementor-widget-container>.elementor-spacer>.elementor-spacer-inner,.e-con>.elementor-widget-spacer>.elementor-widget-container>.elementor-spacer>.elementor-spacer-inner{height:var(--container-widget-height,var(--spacer-size))}.e-con-inner>.elementor-widget-spacer.elementor-widget-empty,.e-con>.elementor-widget-spacer.elementor-widget-empty{position:relative;min-height:22px;min-width:22px}.e-con-inner>.elementor-widget-spacer.elementor-widget-empty .elementor-widget-empty-icon,.e-con>.elementor-widget-spacer.elementor-widget-empty .elementor-widget-empty-icon{position:absolute;top:0;bottom:0;left:0;right:0;margin:auto;padding:0;width:22px;height:22px}<\/style>\t\t<div class=\"elementor-spacer\">\n\t\t\t<div class=\"elementor-spacer-inner\"><\/div>\n\t\t<\/div>\n\t\t\t\t<\/div>\n\t\t\t\t<\/div>\n\t\t\t\t<\/div>\n\t\t\t\t\t<\/div>\n\t\t\t\t<\/div>\n\t\t\t\t<\/div>\n\t\t","protected":false},"excerpt":{"rendered":"<p>Sommer Veranstaltungen Auf Korfu ist der August der Monat, in dem&#8230; Read More<\/p>\n","protected":false},"author":1,"featured_media":0,"parent":0,"menu_order":0,"comment_status":"closed","ping_status":"closed","template":"","meta":{"site-sidebar-layout":"no-sidebar","site-content-layout":"page-builder","ast-site-content-layout":"","site-content-style":"default","site-sidebar-style":"default","ast-global-header-display":"","ast-banner-title-visibility":"","ast-main-header-display":"","ast-hfb-above-header-display":"","ast-hfb-below-header-display":"","ast-hfb-mobile-header-display":"","site-post-title":"disabled","ast-breadcrumbs-content":"","ast-featured-img":"disabled","footer-sml-layout":"","theme-transparent-header-meta":"","adv-header-id-meta":"","stick-header-meta":"","header-above-stick-meta":"","header-main-stick-meta":"","header-below-stick-meta":"","astra-migrate-meta-layouts":"default","ast-page-background-enabled":"default","ast-page-background-meta":{"desktop":{"background-color":"var(--ast-global-color-4)","background-image":"","background-repeat":"repeat","background-position":"center center","background-size":"auto","background-attachment":"scroll","background-type":"","background-media":"","overlay-type":"","overlay-color":"","overlay-gradient":""},"tablet":{"background-color":"","background-image":"","background-repeat":"repeat","background-position":"center center","background-size":"auto","background-attachment":"scroll","background-type":"","background-media":"","overlay-type":"","overlay-color":"","overlay-gradient":""},"mobile":{"background-color":"","background-image":"","background-repeat":"repeat","background-position":"center center","background-size":"auto","background-attachment":"scroll","background-type":"","background-media":"","overlay-type":"","overlay-color":"","overlay-gradient":""}},"ast-content-background-meta":{"desktop":{"background-color":"var(--ast-global-color-5)","background-image":"","background-repeat":"repeat","background-position":"center center","background-size":"auto","background-attachment":"scroll","background-type":"","background-media":"","overlay-type":"","overlay-color":"","overlay-gradient":""},"tablet":{"background-color":"var(--ast-global-color-5)","background-image":"","background-repeat":"repeat","background-position":"center center","background-size":"auto","background-attachment":"scroll","background-type":"","background-media":"","overlay-type":"","overlay-color":"","overlay-gradient":""},"mobile":{"background-color":"var(--ast-global-color-5)","background-image":"","background-repeat":"repeat","background-position":"center center","background-size":"auto","background-attachment":"scroll","background-type":"","background-media":"","overlay-type":"","overlay-color":"","overlay-gradient":""}},"footnotes":""},"class_list":["post-5169","page","type-page","status-publish","hentry"],"_links":{"self":[{"href":"https:\/\/www.louvrecorfu.com\/fr\/wp-json\/wp\/v2\/pages\/5169","targetHints":{"allow":["GET"]}}],"collection":[{"href":"https:\/\/www.louvrecorfu.com\/fr\/wp-json\/wp\/v2\/pages"}],"about":[{"href":"https:\/\/www.louvrecorfu.com\/fr\/wp-json\/wp\/v2\/types\/page"}],"author":[{"embeddable":true,"href":"https:\/\/www.louvrecorfu.com\/fr\/wp-json\/wp\/v2\/users\/1"}],"replies":[{"embeddable":true,"href":"https:\/\/www.louvrecorfu.com\/fr\/wp-json\/wp\/v2\/comments?post=5169"}],"version-history":[{"count":3,"href":"https:\/\/www.louvrecorfu.com\/fr\/wp-json\/wp\/v2\/pages\/5169\/revisions"}],"predecessor-version":[{"id":5175,"href":"https:\/\/www.louvrecorfu.com\/fr\/wp-json\/wp\/v2\/pages\/5169\/revisions\/5175"}],"wp:attachment":[{"href":"https:\/\/www.louvrecorfu.com\/fr\/wp-json\/wp\/v2\/media?parent=5169"}],"curies":[{"name":"wp","href":"https:\/\/api.w.org\/{rel}","templated":true}]}}