{"id":5165,"date":"2023-01-31T08:51:34","date_gmt":"2023-01-31T06:51:34","guid":{"rendered":"https:\/\/www.louvrecorfu.com\/activities-in-corfu\/"},"modified":"2024-03-08T15:03:21","modified_gmt":"2024-03-08T13:03:21","slug":"activites-a-corfou","status":"publish","type":"page","link":"https:\/\/www.louvrecorfu.com\/fr\/activites-a-corfou\/","title":{"rendered":"Activit\u00e9s \u00e0 Corfou"},"content":{"rendered":"\t\t<div data-elementor-type=\"wp-page\" data-elementor-id=\"5165\" class=\"elementor elementor-5165 elementor-83\" data-elementor-post-type=\"page\">\n\t\t\t\t<div class=\"elementor-element elementor-element-7d080fd e-flex e-con-boxed e-con e-parent\" data-id=\"7d080fd\" data-element_type=\"container\" data-core-v316-plus=\"true\">\n\t\t\t\t\t<div class=\"e-con-inner\">\n\t\t<div class=\"elementor-element elementor-element-cda29ba e-con-full e-flex e-con e-child\" data-id=\"cda29ba\" data-element_type=\"container\">\n\t\t\t\t<div class=\"elementor-element elementor-element-ad910e6 elementor-widget elementor-widget-heading\" data-id=\"ad910e6\" data-element_type=\"widget\" data-widget_type=\"heading.default\">\n\t\t\t\t<div class=\"elementor-widget-container\">\n\t\t\t<style>\/*! elementor - v3.20.0 - 26-03-2024 *\/\n.elementor-heading-title{padding:0;margin:0;line-height:1}.elementor-widget-heading .elementor-heading-title[class*=elementor-size-]>a{color:inherit;font-size:inherit;line-height:inherit}.elementor-widget-heading .elementor-heading-title.elementor-size-small{font-size:15px}.elementor-widget-heading .elementor-heading-title.elementor-size-medium{font-size:19px}.elementor-widget-heading .elementor-heading-title.elementor-size-large{font-size:29px}.elementor-widget-heading .elementor-heading-title.elementor-size-xl{font-size:39px}.elementor-widget-heading .elementor-heading-title.elementor-size-xxl{font-size:59px}<\/style><h1 class=\"elementor-heading-title elementor-size-default\">Activit\u00e9s \u00e0 Corfou<\/h1>\t\t<\/div>\n\t\t\t\t<\/div>\n\t\t\t\t<\/div>\n\t\t\t\t\t<\/div>\n\t\t\t\t<\/div>\n\t\t<div class=\"elementor-element elementor-element-1f6479a e-flex e-con-boxed e-con e-parent\" data-id=\"1f6479a\" data-element_type=\"container\" data-core-v316-plus=\"true\">\n\t\t\t\t\t<div class=\"e-con-inner\">\n\t\t<div class=\"elementor-element elementor-element-e40c14a e-con-full e-flex e-con e-child\" data-id=\"e40c14a\" data-element_type=\"container\">\n\t\t\t\t<div class=\"elementor-element elementor-element-33ce6fc elementor-widget elementor-widget-tp-blog-listout\" data-id=\"33ce6fc\" data-element_type=\"widget\" data-widget_type=\"tp-blog-listout.default\">\n\t\t\t\t<div class=\"elementor-widget-container\">\n\t\t\t<div id=\"pt-plus-blog-post-list\" class=\"blog-list post69d7f3e12b092  list-isotope  blog-style-3 hover-image-none layout-style-1 \"  data-layout-type=\"fitRows\"   data-id=\"post69d7f3e12b092\" data-style=\"style-3\"   dir= data-enable-isotope=\"1\" ><div id=\"post69d7f3e12b092\" class=\"tp-row post-inner-loop post69d7f3e12b092  content-left \"><div class=\"grid-item metro-item  tp-col-lg-12 tp-col-md-12 tp-col-sm-12 tp-col-12  \"><article id=\"post-4176\" class=\"post-4176 post type-post status-publish format-standard has-post-thumbnail hentry category-activities-in-corfu-fr tag-activities-in-corfu-fr tag-corfu-fr tag-escape-rooms-fr tag-fortress-of-secrets-fr\">\n\t<div class=\"blog-list-content d-flex flex-row flex-wrap tp-align-items-center\">\n\t\t\t\t<div class=\"post-content-image tp-col-12 tp-col-md-4 tp-col-sm-4 tp-col-xs-12 flex-column flex-wrap\">\n\t\t\t<a href=\"https:\/\/www.louvrecorfu.com\/fr\/forteresse-des-secrets\/\">\n\t\t\t\t\t<div class=\"blog-featured-image  tp-cst-img-full img\">\n\t<span class=\"thumb-wrap\">\n\t\t<img fetchpriority=\"high\" decoding=\"async\" width=\"1400\" height=\"787\" src=\"https:\/\/www.louvrecorfu.com\/wp-content\/uploads\/corfu-fos-new.jpg\" class=\"attachment-full size-full\" alt=\"Corfu - Fortress of Secrets\" srcset=\"https:\/\/www.louvrecorfu.com\/wp-content\/uploads\/corfu-fos-new.jpg 1400w, https:\/\/www.louvrecorfu.com\/wp-content\/uploads\/corfu-fos-new-300x169.jpg 300w, https:\/\/www.louvrecorfu.com\/wp-content\/uploads\/corfu-fos-new-1024x576.jpg 1024w, https:\/\/www.louvrecorfu.com\/wp-content\/uploads\/corfu-fos-new-768x432.jpg 768w\" sizes=\"(max-width: 1400px) 100vw, 1400px\" \/>\t<\/span>\n\t<\/div>\t\t\t<\/a>\n\t\t<\/div>\n\t\t\t\t<div class=\"post-content-bottom tp-col-12 tp-col-md-8 tp-col-sm-8 tp-col-xs-12 flex-column flex-wrap\">\n\t\t\t<div class=\"post-metro-content\">\n\t<h3 class=\"post-title\">\n\t<a href=\"https:\/\/www.louvrecorfu.com\/fr\/forteresse-des-secrets\/\" class=\"normal\">Forteresse des Secrets<\/a>\n<\/h3>\t\t\t<div class=\"post-hover-content\">\n\t\t\t<div class=\"entry-content\">\n\t<p>La Forteresse des Secrets se compose de 4 salles...<\/p>\n<\/div>\t\t<\/div>\n\t\t\t<div class=\"pt-plus-button-wrapper\"><div class=\"button_parallax\"><div class=\"ts-button\"><div class=\"pt_plus_button btn69d7f3e12b5d0 button-style-7 \"><div class=\"animted-content-inner\"><a href=\"https:\/\/www.louvrecorfu.com\/fr\/forteresse-des-secrets\/\" rel=\"nofollow\" class=\"button-link-wrap\" role=\"button\">Read More<span class=\"btn-arrow\"><\/span><\/a><\/div><\/div><\/div><\/div><\/div><\/div>\t\t<\/div>\n\t\t\t<\/div>\n<\/article><\/div><div class=\"grid-item metro-item  tp-col-lg-12 tp-col-md-12 tp-col-sm-12 tp-col-12  \"><article id=\"post-4178\" class=\"post-4178 post type-post status-publish format-standard has-post-thumbnail hentry category-activities-in-corfu-fr tag-activities-in-corfu-fr tag-corfu-fr tag-durrells-pathway-tour-fr\">\n\t<div class=\"blog-list-content d-flex flex-row flex-wrap tp-align-items-center\">\n\t\t\t\t<div class=\"post-content-image tp-col-12 tp-col-md-4 tp-col-sm-4 tp-col-xs-12 flex-column flex-wrap\">\n\t\t\t<a href=\"https:\/\/www.louvrecorfu.com\/fr\/le-sentier-des-durrell-excursion\/\">\n\t\t\t\t\t<div class=\"blog-featured-image  tp-cst-img-full img\">\n\t<span class=\"thumb-wrap\">\n\t\t<img decoding=\"async\" width=\"550\" height=\"323\" src=\"https:\/\/www.louvrecorfu.com\/wp-content\/uploads\/the-white-house-kalami.jpg\" class=\"attachment-full size-full\" alt=\"Corfu - The Durrells Pathway Tour  White house Kalami\" srcset=\"https:\/\/www.louvrecorfu.com\/wp-content\/uploads\/the-white-house-kalami.jpg 550w, https:\/\/www.louvrecorfu.com\/wp-content\/uploads\/the-white-house-kalami-300x176.jpg 300w\" sizes=\"(max-width: 550px) 100vw, 550px\" \/>\t<\/span>\n\t<\/div>\t\t\t<\/a>\n\t\t<\/div>\n\t\t\t\t<div class=\"post-content-bottom tp-col-12 tp-col-md-8 tp-col-sm-8 tp-col-xs-12 flex-column flex-wrap\">\n\t\t\t<div class=\"post-metro-content\">\n\t<h3 class=\"post-title\">\n\t<a href=\"https:\/\/www.louvrecorfu.com\/fr\/le-sentier-des-durrell-excursion\/\" class=\"normal\">Le sentier des Durrell \u2013 Excursion<\/a>\n<\/h3>\t\t\t<div class=\"post-hover-content\">\n\t\t\t<div class=\"entry-content\">\n\t<p>Si vous \u00eates fans du c\u00e9l\u00e8bre livre de Gerald...<\/p>\n<\/div>\t\t<\/div>\n\t\t\t<div class=\"pt-plus-button-wrapper\"><div class=\"button_parallax\"><div class=\"ts-button\"><div class=\"pt_plus_button btn69d7f3e12f831 button-style-7 \"><div class=\"animted-content-inner\"><a href=\"https:\/\/www.louvrecorfu.com\/fr\/le-sentier-des-durrell-excursion\/\" rel=\"nofollow\" class=\"button-link-wrap\" role=\"button\">Read More<span class=\"btn-arrow\"><\/span><\/a><\/div><\/div><\/div><\/div><\/div><\/div>\t\t<\/div>\n\t\t\t<\/div>\n<\/article><\/div><div class=\"grid-item metro-item  tp-col-lg-12 tp-col-md-12 tp-col-sm-12 tp-col-12  \"><article id=\"post-4180\" class=\"post-4180 post type-post status-publish format-standard has-post-thumbnail hentry category-activities-in-corfu-fr tag-activities-in-corfu-fr tag-corfu-fr tag-paragliding-fr\">\n\t<div class=\"blog-list-content d-flex flex-row flex-wrap tp-align-items-center\">\n\t\t\t\t<div class=\"post-content-image tp-col-12 tp-col-md-4 tp-col-sm-4 tp-col-xs-12 flex-column flex-wrap\">\n\t\t\t<a href=\"https:\/\/www.louvrecorfu.com\/fr\/parapente-au-dessus-de-la-mer-ionienne\/\">\n\t\t\t\t\t<div class=\"blog-featured-image  tp-cst-img-full img\">\n\t<span class=\"thumb-wrap\">\n\t\t<img decoding=\"async\" width=\"1400\" height=\"752\" src=\"https:\/\/www.louvrecorfu.com\/wp-content\/uploads\/corfu-paragliding-3.jpg\" class=\"attachment-full size-full\" alt=\"corfu paragliding 3\" srcset=\"https:\/\/www.louvrecorfu.com\/wp-content\/uploads\/corfu-paragliding-3.jpg 1400w, https:\/\/www.louvrecorfu.com\/wp-content\/uploads\/corfu-paragliding-3-300x161.jpg 300w, https:\/\/www.louvrecorfu.com\/wp-content\/uploads\/corfu-paragliding-3-1024x550.jpg 1024w, https:\/\/www.louvrecorfu.com\/wp-content\/uploads\/corfu-paragliding-3-768x413.jpg 768w\" sizes=\"(max-width: 1400px) 100vw, 1400px\" \/>\t<\/span>\n\t<\/div>\t\t\t<\/a>\n\t\t<\/div>\n\t\t\t\t<div class=\"post-content-bottom tp-col-12 tp-col-md-8 tp-col-sm-8 tp-col-xs-12 flex-column flex-wrap\">\n\t\t\t<div class=\"post-metro-content\">\n\t<h3 class=\"post-title\">\n\t<a href=\"https:\/\/www.louvrecorfu.com\/fr\/parapente-au-dessus-de-la-mer-ionienne\/\" class=\"normal\">Parapente au-dessus de la mer Ionienne<\/a>\n<\/h3>\t\t\t<div class=\"post-hover-content\">\n\t\t\t<div class=\"entry-content\">\n\t<p>Profitez au maximum de vos vacances d\u2019\u00e9t\u00e9 et pr\u00e9parez-vous...<\/p>\n<\/div>\t\t<\/div>\n\t\t\t<div class=\"pt-plus-button-wrapper\"><div class=\"button_parallax\"><div class=\"ts-button\"><div class=\"pt_plus_button btn69d7f3e131711 button-style-7 \"><div class=\"animted-content-inner\"><a href=\"https:\/\/www.louvrecorfu.com\/fr\/parapente-au-dessus-de-la-mer-ionienne\/\" rel=\"nofollow\" class=\"button-link-wrap\" role=\"button\">Read More<span class=\"btn-arrow\"><\/span><\/a><\/div><\/div><\/div><\/div><\/div><\/div>\t\t<\/div>\n\t\t\t<\/div>\n<\/article><\/div><div class=\"grid-item metro-item  tp-col-lg-12 tp-col-md-12 tp-col-sm-12 tp-col-12  \"><article id=\"post-4182\" class=\"post-4182 post type-post status-publish format-standard has-post-thumbnail hentry category-activities-in-corfu-fr tag-activities-in-corfu-fr tag-corfu-fr tag-horseriding-fr\">\n\t<div class=\"blog-list-content d-flex flex-row flex-wrap tp-align-items-center\">\n\t\t\t\t<div class=\"post-content-image tp-col-12 tp-col-md-4 tp-col-sm-4 tp-col-xs-12 flex-column flex-wrap\">\n\t\t\t<a href=\"https:\/\/www.louvrecorfu.com\/fr\/equitation-a-corfou\/\">\n\t\t\t\t\t<div class=\"blog-featured-image  tp-cst-img-full img\">\n\t<span class=\"thumb-wrap\">\n\t\t<img loading=\"lazy\" decoding=\"async\" width=\"670\" height=\"440\" src=\"https:\/\/www.louvrecorfu.com\/wp-content\/uploads\/corfu-horseriding-2.jpg\" class=\"attachment-full size-full\" alt=\"Corfu - Horseriding 2\" srcset=\"https:\/\/www.louvrecorfu.com\/wp-content\/uploads\/corfu-horseriding-2.jpg 670w, https:\/\/www.louvrecorfu.com\/wp-content\/uploads\/corfu-horseriding-2-300x197.jpg 300w\" sizes=\"(max-width: 670px) 100vw, 670px\" \/>\t<\/span>\n\t<\/div>\t\t\t<\/a>\n\t\t<\/div>\n\t\t\t\t<div class=\"post-content-bottom tp-col-12 tp-col-md-8 tp-col-sm-8 tp-col-xs-12 flex-column flex-wrap\">\n\t\t\t<div class=\"post-metro-content\">\n\t<h3 class=\"post-title\">\n\t<a href=\"https:\/\/www.louvrecorfu.com\/fr\/equitation-a-corfou\/\" class=\"normal\">\u00c9quitation \u00e0 Corfou<\/a>\n<\/h3>\t\t\t<div class=\"post-hover-content\">\n\t\t\t<div class=\"entry-content\">\n\t<p>Choisissez votre itin\u00e9raire id\u00e9al et pr\u00e9parez-vous \u00e0 d\u00e9couvrir les...<\/p>\n<\/div>\t\t<\/div>\n\t\t\t<div class=\"pt-plus-button-wrapper\"><div class=\"button_parallax\"><div class=\"ts-button\"><div class=\"pt_plus_button btn69d7f3e13334b button-style-7 \"><div class=\"animted-content-inner\"><a href=\"https:\/\/www.louvrecorfu.com\/fr\/equitation-a-corfou\/\" rel=\"nofollow\" class=\"button-link-wrap\" role=\"button\">Read More<span class=\"btn-arrow\"><\/span><\/a><\/div><\/div><\/div><\/div><\/div><\/div>\t\t<\/div>\n\t\t\t<\/div>\n<\/article><\/div><div class=\"grid-item metro-item  tp-col-lg-12 tp-col-md-12 tp-col-sm-12 tp-col-12  \"><article id=\"post-4184\" class=\"post-4184 post type-post status-publish format-standard has-post-thumbnail hentry category-activities-in-corfu-fr tag-activities-in-corfu-fr tag-corfu-fr tag-the-aqualand-of-corfu-fr\">\n\t<div class=\"blog-list-content d-flex flex-row flex-wrap tp-align-items-center\">\n\t\t\t\t<div class=\"post-content-image tp-col-12 tp-col-md-4 tp-col-sm-4 tp-col-xs-12 flex-column flex-wrap\">\n\t\t\t<a href=\"https:\/\/www.louvrecorfu.com\/fr\/parc-aquatique-aqualand\/\">\n\t\t\t\t\t<div class=\"blog-featured-image  tp-cst-img-full img\">\n\t<span class=\"thumb-wrap\">\n\t\t<img loading=\"lazy\" decoding=\"async\" width=\"1024\" height=\"768\" src=\"https:\/\/www.louvrecorfu.com\/wp-content\/uploads\/corfu-aqualand03.jpg\" class=\"attachment-full size-full\" alt=\"Corfu - Aqualand - Close view\" srcset=\"https:\/\/www.louvrecorfu.com\/wp-content\/uploads\/corfu-aqualand03.jpg 1024w, https:\/\/www.louvrecorfu.com\/wp-content\/uploads\/corfu-aqualand03-300x225.jpg 300w, https:\/\/www.louvrecorfu.com\/wp-content\/uploads\/corfu-aqualand03-768x576.jpg 768w\" sizes=\"(max-width: 1024px) 100vw, 1024px\" \/>\t<\/span>\n\t<\/div>\t\t\t<\/a>\n\t\t<\/div>\n\t\t\t\t<div class=\"post-content-bottom tp-col-12 tp-col-md-8 tp-col-sm-8 tp-col-xs-12 flex-column flex-wrap\">\n\t\t\t<div class=\"post-metro-content\">\n\t<h3 class=\"post-title\">\n\t<a href=\"https:\/\/www.louvrecorfu.com\/fr\/parc-aquatique-aqualand\/\" class=\"normal\">Parc aquatique Aqualand<\/a>\n<\/h3>\t\t\t<div class=\"post-hover-content\">\n\t\t\t<div class=\"entry-content\">\n\t<p>Aqualand, l\u2019un des plus grands parcs aquatiques du monde,...<\/p>\n<\/div>\t\t<\/div>\n\t\t\t<div class=\"pt-plus-button-wrapper\"><div class=\"button_parallax\"><div class=\"ts-button\"><div class=\"pt_plus_button btn69d7f3e134f9c button-style-7 \"><div class=\"animted-content-inner\"><a href=\"https:\/\/www.louvrecorfu.com\/fr\/parc-aquatique-aqualand\/\" rel=\"nofollow\" class=\"button-link-wrap\" role=\"button\">Read More<span class=\"btn-arrow\"><\/span><\/a><\/div><\/div><\/div><\/div><\/div><\/div>\t\t<\/div>\n\t\t\t<\/div>\n<\/article><\/div><\/div><\/div>\t\t<\/div>\n\t\t\t\t<\/div>\n\t\t\t\t<div class=\"elementor-element elementor-element-aed281a elementor-widget elementor-widget-spacer\" data-id=\"aed281a\" data-element_type=\"widget\" data-widget_type=\"spacer.default\">\n\t\t\t\t<div class=\"elementor-widget-container\">\n\t\t\t<style>\/*! elementor - v3.20.0 - 26-03-2024 *\/\n.elementor-column .elementor-spacer-inner{height:var(--spacer-size)}.e-con{--container-widget-width:100%}.e-con-inner>.elementor-widget-spacer,.e-con>.elementor-widget-spacer{width:var(--container-widget-width,var(--spacer-size));--align-self:var(--container-widget-align-self,initial);--flex-shrink:0}.e-con-inner>.elementor-widget-spacer>.elementor-widget-container,.e-con>.elementor-widget-spacer>.elementor-widget-container{height:100%;width:100%}.e-con-inner>.elementor-widget-spacer>.elementor-widget-container>.elementor-spacer,.e-con>.elementor-widget-spacer>.elementor-widget-container>.elementor-spacer{height:100%}.e-con-inner>.elementor-widget-spacer>.elementor-widget-container>.elementor-spacer>.elementor-spacer-inner,.e-con>.elementor-widget-spacer>.elementor-widget-container>.elementor-spacer>.elementor-spacer-inner{height:var(--container-widget-height,var(--spacer-size))}.e-con-inner>.elementor-widget-spacer.elementor-widget-empty,.e-con>.elementor-widget-spacer.elementor-widget-empty{position:relative;min-height:22px;min-width:22px}.e-con-inner>.elementor-widget-spacer.elementor-widget-empty .elementor-widget-empty-icon,.e-con>.elementor-widget-spacer.elementor-widget-empty .elementor-widget-empty-icon{position:absolute;top:0;bottom:0;left:0;right:0;margin:auto;padding:0;width:22px;height:22px}<\/style>\t\t<div class=\"elementor-spacer\">\n\t\t\t<div class=\"elementor-spacer-inner\"><\/div>\n\t\t<\/div>\n\t\t\t\t<\/div>\n\t\t\t\t<\/div>\n\t\t\t\t<\/div>\n\t\t\t\t\t<\/div>\n\t\t\t\t<\/div>\n\t\t\t\t<\/div>\n\t\t","protected":false},"excerpt":{"rendered":"<p>Fortress of Secrets \u03a4\u03bf Fortress of Secrets (\u03ae \u03a6\u03c1\u03bf\u03cd\u03c1\u03b9\u03bf \u03c4\u03c9\u03bd \u039c\u03c5\u03c3\u03c4\u03b9\u03ba\u03ce\u03bd) \u03b1\u03c0\u03bf\u03c4\u03b5\u03bb\u03b5\u03af\u03c4\u03b1\u03b9&#8230; Read More The Durrells\u2019 Pathway &#8211; \u0395\u03ba\u03b4\u03c1\u03bf\u03bc\u03ae \u0391\u03bd \u03b5\u03af\u03c3\u03c4\u03b5 \u03bb\u03ac\u03c4\u03c1\u03b5\u03b9\u03c2 \u03c4\u03bf\u03c5 \u03c0\u03b1\u03c3\u03af\u03b3\u03bd\u03c9\u03c3\u03c4\u03bf\u03c5 \u03b2\u03b9\u03b2\u03bb\u03af\u03bf\u03c5 \u03c4\u03bf\u03c5 Gerald Durrell&#8230; Read More \u0391\u03bb\u03b5\u03be\u03af\u03c0\u03c4\u03c9\u03c4\u03bf \u03c0\u03bb\u03b1\u03b3\u03b9\u03ac\u03c2 \u03c0\u03ac\u03bd\u03c9 \u03b1\u03c0\u03cc \u03c4\u03bf \u0399\u03cc\u03bd\u03b9\u03bf \u03a0\u03ad\u03bb\u03b1\u03b3\u03bf\u03c2 \u0391\u03be\u03b9\u03bf\u03c0\u03bf\u03b9\u03ae\u03c3\u03c4\u03b5 \u03c3\u03c4\u03bf \u03ad\u03c0\u03b1\u03ba\u03c1\u03bf \u03c4\u03b9\u03c2 \u03ba\u03b1\u03bb\u03bf\u03ba\u03b1\u03b9\u03c1\u03b9\u03bd\u03ad\u03c2 \u03c3\u03b1\u03c2 \u03b4\u03b9\u03b1\u03ba\u03bf\u03c0\u03ad\u03c2 \u03ba\u03b1\u03b9 \u03b5\u03c4\u03bf\u03b9\u03bc\u03b1\u03c3\u03c4\u03b5\u03af\u03c4\u03b5&#8230; Read More \u0399\u03c0\u03c0\u03b1\u03c3\u03af\u03b1 \u03c3\u03c4\u03b7\u03bd \u039a\u03ad\u03c1\u03ba\u03c5\u03c1\u03b1 \u0395\u03c0\u03b9\u03bb\u03ad\u03be\u03c4\u03b5 \u03c4\u03b7\u03bd \u03b9\u03b4\u03b1\u03bd\u03b9\u03ba\u03ae \u03b4\u03b9\u03b1\u03b4\u03c1\u03bf\u03bc\u03ae [&hellip;]<\/p>\n","protected":false},"author":1,"featured_media":0,"parent":0,"menu_order":0,"comment_status":"closed","ping_status":"closed","template":"","meta":{"site-sidebar-layout":"no-sidebar","site-content-layout":"page-builder","ast-site-content-layout":"","site-content-style":"default","site-sidebar-style":"default","ast-global-header-display":"","ast-banner-title-visibility":"","ast-main-header-display":"","ast-hfb-above-header-display":"","ast-hfb-below-header-display":"","ast-hfb-mobile-header-display":"","site-post-title":"disabled","ast-breadcrumbs-content":"","ast-featured-img":"disabled","footer-sml-layout":"","theme-transparent-header-meta":"","adv-header-id-meta":"","stick-header-meta":"","header-above-stick-meta":"","header-main-stick-meta":"","header-below-stick-meta":"","astra-migrate-meta-layouts":"set","ast-page-background-enabled":"default","ast-page-background-meta":{"desktop":{"background-color":"var(--ast-global-color-4)","background-image":"","background-repeat":"repeat","background-position":"center center","background-size":"auto","background-attachment":"scroll","background-type":"","background-media":"","overlay-type":"","overlay-color":"","overlay-gradient":""},"tablet":{"background-color":"","background-image":"","background-repeat":"repeat","background-position":"center center","background-size":"auto","background-attachment":"scroll","background-type":"","background-media":"","overlay-type":"","overlay-color":"","overlay-gradient":""},"mobile":{"background-color":"","background-image":"","background-repeat":"repeat","background-position":"center center","background-size":"auto","background-attachment":"scroll","background-type":"","background-media":"","overlay-type":"","overlay-color":"","overlay-gradient":""}},"ast-content-background-meta":{"desktop":{"background-color":"var(--ast-global-color-5)","background-image":"","background-repeat":"repeat","background-position":"center center","background-size":"auto","background-attachment":"scroll","background-type":"","background-media":"","overlay-type":"","overlay-color":"","overlay-gradient":""},"tablet":{"background-color":"var(--ast-global-color-5)","background-image":"","background-repeat":"repeat","background-position":"center center","background-size":"auto","background-attachment":"scroll","background-type":"","background-media":"","overlay-type":"","overlay-color":"","overlay-gradient":""},"mobile":{"background-color":"var(--ast-global-color-5)","background-image":"","background-repeat":"repeat","background-position":"center center","background-size":"auto","background-attachment":"scroll","background-type":"","background-media":"","overlay-type":"","overlay-color":"","overlay-gradient":""}},"footnotes":""},"class_list":["post-5165","page","type-page","status-publish","hentry"],"_links":{"self":[{"href":"https:\/\/www.louvrecorfu.com\/fr\/wp-json\/wp\/v2\/pages\/5165","targetHints":{"allow":["GET"]}}],"collection":[{"href":"https:\/\/www.louvrecorfu.com\/fr\/wp-json\/wp\/v2\/pages"}],"about":[{"href":"https:\/\/www.louvrecorfu.com\/fr\/wp-json\/wp\/v2\/types\/page"}],"author":[{"embeddable":true,"href":"https:\/\/www.louvrecorfu.com\/fr\/wp-json\/wp\/v2\/users\/1"}],"replies":[{"embeddable":true,"href":"https:\/\/www.louvrecorfu.com\/fr\/wp-json\/wp\/v2\/comments?post=5165"}],"version-history":[{"count":1,"href":"https:\/\/www.louvrecorfu.com\/fr\/wp-json\/wp\/v2\/pages\/5165\/revisions"}],"predecessor-version":[{"id":5167,"href":"https:\/\/www.louvrecorfu.com\/fr\/wp-json\/wp\/v2\/pages\/5165\/revisions\/5167"}],"wp:attachment":[{"href":"https:\/\/www.louvrecorfu.com\/fr\/wp-json\/wp\/v2\/media?parent=5165"}],"curies":[{"name":"wp","href":"https:\/\/api.w.org\/{rel}","templated":true}]}}