{"id":4085,"date":"2023-01-31T08:50:39","date_gmt":"2023-01-31T06:50:39","guid":{"rendered":"https:\/\/www.louvrecorfu.com\/offers\/"},"modified":"2024-03-08T18:41:09","modified_gmt":"2024-03-08T16:41:09","slug":"offres-speciales","status":"publish","type":"page","link":"https:\/\/www.louvrecorfu.com\/fr\/offres-speciales\/","title":{"rendered":"Offres Sp\u00e9ciales"},"content":{"rendered":"\t\t<div data-elementor-type=\"wp-page\" data-elementor-id=\"4085\" class=\"elementor elementor-4085 elementor-79\" data-elementor-post-type=\"page\">\n\t\t\t\t<div class=\"elementor-element elementor-element-da0daa5 e-flex e-con-boxed e-con e-parent\" data-id=\"da0daa5\" data-element_type=\"container\" data-settings=\"{&quot;background_background&quot;:&quot;classic&quot;}\" data-core-v316-plus=\"true\">\n\t\t\t\t\t<div class=\"e-con-inner\">\n\t\t<div class=\"elementor-element elementor-element-fb4d3b5 e-con-full e-flex e-con e-child\" data-id=\"fb4d3b5\" data-element_type=\"container\">\n\t\t\t\t<div class=\"elementor-element elementor-element-29c597c elementor-widget elementor-widget-heading\" data-id=\"29c597c\" data-element_type=\"widget\" data-widget_type=\"heading.default\">\n\t\t\t\t<div class=\"elementor-widget-container\">\n\t\t\t<style>\/*! elementor - v3.20.0 - 26-03-2024 *\/\n.elementor-heading-title{padding:0;margin:0;line-height:1}.elementor-widget-heading .elementor-heading-title[class*=elementor-size-]>a{color:inherit;font-size:inherit;line-height:inherit}.elementor-widget-heading .elementor-heading-title.elementor-size-small{font-size:15px}.elementor-widget-heading .elementor-heading-title.elementor-size-medium{font-size:19px}.elementor-widget-heading .elementor-heading-title.elementor-size-large{font-size:29px}.elementor-widget-heading .elementor-heading-title.elementor-size-xl{font-size:39px}.elementor-widget-heading .elementor-heading-title.elementor-size-xxl{font-size:59px}<\/style><h1 class=\"elementor-heading-title elementor-size-default\">Offres Sp\u00e9ciales<\/h1>\t\t<\/div>\n\t\t\t\t<\/div>\n\t\t\t\t<div class=\"elementor-element elementor-element-a122368 elementor-widget elementor-widget-heading\" data-id=\"a122368\" data-element_type=\"widget\" data-widget_type=\"heading.default\">\n\t\t\t\t<div class=\"elementor-widget-container\">\n\t\t\t<h2 class=\"elementor-heading-title elementor-size-default\">Vous vous r\u00e9jouissez de vos prochaines vacances sur l'\u00eele enchanteresse de Corfou ? Am\u00e9liorez vos vacances en profitant des offres sp\u00e9ciales et des forfaits que nous proposons.\n\n<\/h2>\t\t<\/div>\n\t\t\t\t<\/div>\n\t\t\t\t<\/div>\n\t\t\t\t\t<\/div>\n\t\t\t\t<\/div>\n\t\t<div class=\"elementor-element elementor-element-58b9eda e-con-full e-flex e-con e-parent\" data-id=\"58b9eda\" data-element_type=\"container\" data-core-v316-plus=\"true\">\n\t\t<div class=\"elementor-element elementor-element-3039c99 e-con-full e-flex e-con e-child\" data-id=\"3039c99\" data-element_type=\"container\">\n\t\t\t\t<div class=\"elementor-element elementor-element-2d0069e elementor-widget elementor-widget-image\" data-id=\"2d0069e\" data-element_type=\"widget\" data-widget_type=\"image.default\">\n\t\t\t\t<div class=\"elementor-widget-container\">\n\t\t\t<style>\/*! elementor - v3.20.0 - 26-03-2024 *\/\n.elementor-widget-image{text-align:center}.elementor-widget-image a{display:inline-block}.elementor-widget-image a img[src$=\".svg\"]{width:48px}.elementor-widget-image img{vertical-align:middle;display:inline-block}<\/style>\t\t\t\t\t\t\t\t\t\t<img fetchpriority=\"high\" decoding=\"async\" width=\"952\" height=\"450\" src=\"https:\/\/www.louvrecorfu.com\/wp-content\/uploads\/become-a-member-v4.png\" class=\"attachment-full size-full wp-image-3844\" alt=\"\" srcset=\"https:\/\/www.louvrecorfu.com\/wp-content\/uploads\/become-a-member-v4.png 952w, https:\/\/www.louvrecorfu.com\/wp-content\/uploads\/become-a-member-v4-300x142.png 300w, https:\/\/www.louvrecorfu.com\/wp-content\/uploads\/become-a-member-v4-768x363.png 768w\" sizes=\"(max-width: 952px) 100vw, 952px\" \/>\t\t\t\t\t\t\t\t\t\t\t\t\t<\/div>\n\t\t\t\t<\/div>\n\t\t\t\t<\/div>\n\t\t<div class=\"elementor-element elementor-element-d016e4f e-con-full e-flex e-con e-child\" data-id=\"d016e4f\" data-element_type=\"container\">\n\t\t\t\t<div class=\"elementor-element elementor-element-30e735f elementor-widget elementor-widget-heading\" data-id=\"30e735f\" data-element_type=\"widget\" data-widget_type=\"heading.default\">\n\t\t\t\t<div class=\"elementor-widget-container\">\n\t\t\t<p class=\"elementor-heading-title elementor-size-default\">CLUB DE FID\u00c9LIT\u00c9<\/p>\t\t<\/div>\n\t\t\t\t<\/div>\n\t\t\t\t<div class=\"elementor-element elementor-element-1a3196e elementor-widget elementor-widget-text-editor\" data-id=\"1a3196e\" data-element_type=\"widget\" data-widget_type=\"text-editor.default\">\n\t\t\t\t<div class=\"elementor-widget-container\">\n\t\t\t<style>\/*! elementor - v3.20.0 - 26-03-2024 *\/\n.elementor-widget-text-editor.elementor-drop-cap-view-stacked .elementor-drop-cap{background-color:#69727d;color:#fff}.elementor-widget-text-editor.elementor-drop-cap-view-framed .elementor-drop-cap{color:#69727d;border:3px solid;background-color:transparent}.elementor-widget-text-editor:not(.elementor-drop-cap-view-default) .elementor-drop-cap{margin-top:8px}.elementor-widget-text-editor:not(.elementor-drop-cap-view-default) .elementor-drop-cap-letter{width:1em;height:1em}.elementor-widget-text-editor .elementor-drop-cap{float:left;text-align:center;line-height:1;font-size:50px}.elementor-widget-text-editor .elementor-drop-cap-letter{display:inline-block}<\/style>\t\t\t\t<p>R\u00e9servez en ligne sur notre site web, devenez membre du Club de fid\u00e9lit\u00e9 de l&rsquo;h\u00f4tel Louvre et b\u00e9n\u00e9ficiez d&rsquo;une r\u00e9duction allant jusqu&rsquo;\u00e0 20 % pour votre s\u00e9jour.<br \/><em>*L&rsquo;offre est valable pour toutes les dates.<\/em><\/p>\t\t\t\t\t\t<\/div>\n\t\t\t\t<\/div>\n\t\t\t\t<div class=\"elementor-element elementor-element-6273d69 elementor-align-center elementor-widget elementor-widget-button\" data-id=\"6273d69\" data-element_type=\"widget\" data-widget_type=\"button.default\">\n\t\t\t\t<div class=\"elementor-widget-container\">\n\t\t\t\t\t<div class=\"elementor-button-wrapper\">\n\t\t\t<a class=\"elementor-button elementor-button-link elementor-size-sm\" href=\"https:\/\/eleanafsikaandlouvrehotels.reserve-online.net\/\" target=\"_blank\" rel=\"noopener\">\n\t\t\t\t\t\t<span class=\"elementor-button-content-wrapper\">\n\t\t\t\t\t\t<span class=\"elementor-button-text\">R\u00c9SERVEZ MAINTENANT<\/span>\n\t\t<\/span>\n\t\t\t\t\t<\/a>\n\t\t<\/div>\n\t\t\t\t<\/div>\n\t\t\t\t<\/div>\n\t\t\t\t<\/div>\n\t\t\t\t<\/div>\n\t\t<div class=\"elementor-element elementor-element-41881e7 e-con-full e-flex e-con e-parent\" data-id=\"41881e7\" data-element_type=\"container\" data-core-v316-plus=\"true\">\n\t\t<div class=\"elementor-element elementor-element-c2885bc e-con-full e-flex e-con e-child\" data-id=\"c2885bc\" data-element_type=\"container\">\n\t\t\t\t<div class=\"elementor-element elementor-element-9767060 elementor-widget elementor-widget-heading\" data-id=\"9767060\" data-element_type=\"widget\" data-widget_type=\"heading.default\">\n\t\t\t\t<div class=\"elementor-widget-container\">\n\t\t\t<p class=\"elementor-heading-title elementor-size-default\">OFFRE LUNE DE MIEL<\/p>\t\t<\/div>\n\t\t\t\t<\/div>\n\t\t\t\t<div class=\"elementor-element elementor-element-1d32ccc elementor-widget elementor-widget-text-editor\" data-id=\"1d32ccc\" data-element_type=\"widget\" data-widget_type=\"text-editor.default\">\n\t\t\t\t<div class=\"elementor-widget-container\">\n\t\t\t\t\t\t\t<p>Pour les couples nouvellement mari\u00e9s qui ont r\u00e9serv\u00e9 en ligne sur notre site web, nous offrons une petite surprise \u00e0 l&rsquo;arriv\u00e9e pour marquer le d\u00e9but d&rsquo;une lune de miel inoubliable et romantique.<br \/><em>*Un certificat de mariage est requis et \u00e0 pr\u00e9senter \u00e0 la r\u00e9ception lors de l&rsquo;arriv\u00e9e.<\/em><\/p>\t\t\t\t\t\t<\/div>\n\t\t\t\t<\/div>\n\t\t\t\t<div class=\"elementor-element elementor-element-009c7b1 elementor-align-center elementor-widget elementor-widget-button\" data-id=\"009c7b1\" data-element_type=\"widget\" data-widget_type=\"button.default\">\n\t\t\t\t<div class=\"elementor-widget-container\">\n\t\t\t\t\t<div class=\"elementor-button-wrapper\">\n\t\t\t<a class=\"elementor-button elementor-button-link elementor-size-sm\" href=\"https:\/\/eleanafsikaandlouvrehotels.reserve-online.net\/\" target=\"_blank\" rel=\"noopener\">\n\t\t\t\t\t\t<span class=\"elementor-button-content-wrapper\">\n\t\t\t\t\t\t<span class=\"elementor-button-text\">R\u00c9SERVEZ MAINTENANT<\/span>\n\t\t<\/span>\n\t\t\t\t\t<\/a>\n\t\t<\/div>\n\t\t\t\t<\/div>\n\t\t\t\t<\/div>\n\t\t\t\t<\/div>\n\t\t<div class=\"elementor-element elementor-element-61b79ef e-con-full e-flex e-con e-child\" data-id=\"61b79ef\" data-element_type=\"container\">\n\t\t\t\t<div class=\"elementor-element elementor-element-c81dc19 elementor-widget elementor-widget-image\" data-id=\"c81dc19\" data-element_type=\"widget\" data-widget_type=\"image.default\">\n\t\t\t\t<div class=\"elementor-widget-container\">\n\t\t\t\t\t\t\t\t\t\t\t\t\t<img decoding=\"async\" width=\"1200\" height=\"800\" src=\"https:\/\/www.louvrecorfu.com\/wp-content\/uploads\/offers-honeymoon-offer-louvre.jpg\" class=\"attachment-full size-full wp-image-3486\" alt=\"\" srcset=\"https:\/\/www.louvrecorfu.com\/wp-content\/uploads\/offers-honeymoon-offer-louvre.jpg 1200w, https:\/\/www.louvrecorfu.com\/wp-content\/uploads\/offers-honeymoon-offer-louvre-300x200.jpg 300w, https:\/\/www.louvrecorfu.com\/wp-content\/uploads\/offers-honeymoon-offer-louvre-1024x683.jpg 1024w, https:\/\/www.louvrecorfu.com\/wp-content\/uploads\/offers-honeymoon-offer-louvre-768x512.jpg 768w\" sizes=\"(max-width: 1200px) 100vw, 1200px\" \/>\t\t\t\t\t\t\t\t\t\t\t\t\t<\/div>\n\t\t\t\t<\/div>\n\t\t\t\t<\/div>\n\t\t\t\t<\/div>\n\t\t<div class=\"elementor-element elementor-element-204b3aa e-con-full e-flex e-con e-parent\" data-id=\"204b3aa\" data-element_type=\"container\" data-core-v316-plus=\"true\">\n\t\t<div class=\"elementor-element elementor-element-361843b e-con-full e-flex e-con e-child\" data-id=\"361843b\" data-element_type=\"container\">\n\t\t\t\t<div class=\"elementor-element elementor-element-d5510ed elementor-widget elementor-widget-image\" data-id=\"d5510ed\" data-element_type=\"widget\" data-widget_type=\"image.default\">\n\t\t\t\t<div class=\"elementor-widget-container\">\n\t\t\t\t\t\t\t\t\t\t\t\t\t<img decoding=\"async\" width=\"1200\" height=\"800\" src=\"https:\/\/www.louvrecorfu.com\/wp-content\/uploads\/offers-late-check-out-offer-louvre.jpg\" class=\"attachment-full size-full wp-image-3490\" alt=\"\" srcset=\"https:\/\/www.louvrecorfu.com\/wp-content\/uploads\/offers-late-check-out-offer-louvre.jpg 1200w, https:\/\/www.louvrecorfu.com\/wp-content\/uploads\/offers-late-check-out-offer-louvre-300x200.jpg 300w, https:\/\/www.louvrecorfu.com\/wp-content\/uploads\/offers-late-check-out-offer-louvre-1024x683.jpg 1024w, https:\/\/www.louvrecorfu.com\/wp-content\/uploads\/offers-late-check-out-offer-louvre-768x512.jpg 768w\" sizes=\"(max-width: 1200px) 100vw, 1200px\" \/>\t\t\t\t\t\t\t\t\t\t\t\t\t<\/div>\n\t\t\t\t<\/div>\n\t\t\t\t<\/div>\n\t\t<div class=\"elementor-element elementor-element-ab680e8 e-con-full e-flex e-con e-child\" data-id=\"ab680e8\" data-element_type=\"container\">\n\t\t\t\t<div class=\"elementor-element elementor-element-805b24e elementor-widget elementor-widget-heading\" data-id=\"805b24e\" data-element_type=\"widget\" data-widget_type=\"heading.default\">\n\t\t\t\t<div class=\"elementor-widget-container\">\n\t\t\t<p class=\"elementor-heading-title elementor-size-default\">OFFRE DE D\u00c9PART TARDIF<\/p>\t\t<\/div>\n\t\t\t\t<\/div>\n\t\t\t\t<div class=\"elementor-element elementor-element-79d465f elementor-widget elementor-widget-text-editor\" data-id=\"79d465f\" data-element_type=\"widget\" data-widget_type=\"text-editor.default\">\n\t\t\t\t<div class=\"elementor-widget-container\">\n\t\t\t\t\t\t\t<p>Le d\u00e9part tardif est disponible pour tous nos clients qui souhaitent s\u00e9journer dans notre h\u00f4tel pendant la p\u00e9riode du 06.05.24 au 20.05.24 ou du 01.10.24 au 25.10.24<br \/><em>*L&rsquo;offre est valable pour tous nos clients qui ont fait leur r\u00e9servation sur le site officiel de l&rsquo;h\u00f4tel, et d\u00e9pend de la disponibilit\u00e9.<\/em><\/p>\t\t\t\t\t\t<\/div>\n\t\t\t\t<\/div>\n\t\t\t\t<div class=\"elementor-element elementor-element-d16d64e elementor-align-center elementor-widget elementor-widget-button\" data-id=\"d16d64e\" data-element_type=\"widget\" data-widget_type=\"button.default\">\n\t\t\t\t<div class=\"elementor-widget-container\">\n\t\t\t\t\t<div class=\"elementor-button-wrapper\">\n\t\t\t<a class=\"elementor-button elementor-button-link elementor-size-sm\" href=\"https:\/\/eleanafsikaandlouvrehotels.reserve-online.net\/\" target=\"_blank\" rel=\"noopener\">\n\t\t\t\t\t\t<span class=\"elementor-button-content-wrapper\">\n\t\t\t\t\t\t<span class=\"elementor-button-text\">R\u00c9SERVEZ MAINTENANT<\/span>\n\t\t<\/span>\n\t\t\t\t\t<\/a>\n\t\t<\/div>\n\t\t\t\t<\/div>\n\t\t\t\t<\/div>\n\t\t\t\t<\/div>\n\t\t\t\t<\/div>\n\t\t<div class=\"elementor-element elementor-element-31ef653 e-con-full e-flex e-con e-parent\" data-id=\"31ef653\" data-element_type=\"container\" data-core-v316-plus=\"true\">\n\t\t<div class=\"elementor-element elementor-element-27f8238 e-con-full e-flex e-con e-child\" data-id=\"27f8238\" data-element_type=\"container\">\n\t\t\t\t<div class=\"elementor-element elementor-element-6ac58bf elementor-widget elementor-widget-heading\" data-id=\"6ac58bf\" data-element_type=\"widget\" data-widget_type=\"heading.default\">\n\t\t\t\t<div class=\"elementor-widget-container\">\n\t\t\t<p class=\"elementor-heading-title elementor-size-default\">OFFRE FORTERESSE DES SECRETS<\/p>\t\t<\/div>\n\t\t\t\t<\/div>\n\t\t\t\t<div class=\"elementor-element elementor-element-802e04c elementor-widget elementor-widget-text-editor\" data-id=\"802e04c\" data-element_type=\"widget\" data-widget_type=\"text-editor.default\">\n\t\t\t\t<div class=\"elementor-widget-container\">\n\t\t\t\t\t\t\t<p>Pour nos clients qui se sentent aventureux, nous offrons une r\u00e9duction de 10 % sur les salles d&rsquo;\u00e9vasion de la Forteresse des secrets.<\/p><p>Pour plus d&rsquo;informations, veuillez consulter le site <a href=\"https:\/\/www.foscorfu.gr\/en\/\" target=\"_blank\" rel=\"noopener\">https:\/\/www.foscorfu.gr\/en\/<\/a><\/p><p><em>*La r\u00e9servation \u00e0 la Forteresse des Secrets se fait exclusivement par t\u00e9l\u00e9phone et une preuve d&rsquo;h\u00e9bergement \u00e0 l&rsquo;h\u00f4tel est requise.<\/em><\/p>\t\t\t\t\t\t<\/div>\n\t\t\t\t<\/div>\n\t\t\t\t<div class=\"elementor-element elementor-element-e4795a1 elementor-align-center elementor-widget elementor-widget-button\" data-id=\"e4795a1\" data-element_type=\"widget\" data-widget_type=\"button.default\">\n\t\t\t\t<div class=\"elementor-widget-container\">\n\t\t\t\t\t<div class=\"elementor-button-wrapper\">\n\t\t\t<a class=\"elementor-button elementor-button-link elementor-size-sm\" href=\"https:\/\/eleanafsikaandlouvrehotels.reserve-online.net\/\" target=\"_blank\" rel=\"noopener\">\n\t\t\t\t\t\t<span class=\"elementor-button-content-wrapper\">\n\t\t\t\t\t\t<span class=\"elementor-button-text\">R\u00c9SERVEZ MAINTENANT<\/span>\n\t\t<\/span>\n\t\t\t\t\t<\/a>\n\t\t<\/div>\n\t\t\t\t<\/div>\n\t\t\t\t<\/div>\n\t\t\t\t<\/div>\n\t\t<div class=\"elementor-element elementor-element-420db24 e-con-full e-flex e-con e-child\" data-id=\"420db24\" data-element_type=\"container\">\n\t\t\t\t<div class=\"elementor-element elementor-element-f64d45d elementor-widget elementor-widget-image\" data-id=\"f64d45d\" data-element_type=\"widget\" data-widget_type=\"image.default\">\n\t\t\t\t<div class=\"elementor-widget-container\">\n\t\t\t\t\t\t\t\t\t\t\t\t\t<img loading=\"lazy\" decoding=\"async\" width=\"1400\" height=\"787\" src=\"https:\/\/www.louvrecorfu.com\/wp-content\/uploads\/corfu-fos-new.jpg\" class=\"attachment-full size-full wp-image-2347\" alt=\"Corfu - Fortress of Secrets\" srcset=\"https:\/\/www.louvrecorfu.com\/wp-content\/uploads\/corfu-fos-new.jpg 1400w, https:\/\/www.louvrecorfu.com\/wp-content\/uploads\/corfu-fos-new-300x169.jpg 300w, https:\/\/www.louvrecorfu.com\/wp-content\/uploads\/corfu-fos-new-1024x576.jpg 1024w, https:\/\/www.louvrecorfu.com\/wp-content\/uploads\/corfu-fos-new-768x432.jpg 768w\" sizes=\"(max-width: 1400px) 100vw, 1400px\" \/>\t\t\t\t\t\t\t\t\t\t\t\t\t<\/div>\n\t\t\t\t<\/div>\n\t\t\t\t<\/div>\n\t\t\t\t<\/div>\n\t\t<div class=\"elementor-element elementor-element-7b7e297 e-con-full e-flex e-con e-parent\" data-id=\"7b7e297\" data-element_type=\"container\" data-core-v316-plus=\"true\">\n\t\t<div class=\"elementor-element elementor-element-86c64c1 e-con-full e-flex e-con e-child\" data-id=\"86c64c1\" data-element_type=\"container\">\n\t\t\t\t<div class=\"elementor-element elementor-element-cc560ac elementor-widget elementor-widget-template\" data-id=\"cc560ac\" data-element_type=\"widget\" data-widget_type=\"template.default\">\n\t\t\t\t<div class=\"elementor-widget-container\">\n\t\t\t\t\t<div class=\"elementor-template\">\n\t\t\t\t\t<div data-elementor-type=\"section\" data-elementor-id=\"4073\" class=\"elementor elementor-4073 elementor-1243\" data-elementor-post-type=\"elementor_library\">\n\t\t\t<div class=\"elementor-element elementor-element-598b377 e-con-full e-flex e-con e-parent\" data-id=\"598b377\" data-element_type=\"container\" data-settings=\"{&quot;background_background&quot;:&quot;classic&quot;}\" data-core-v316-plus=\"true\">\n\t\t<div class=\"elementor-element elementor-element-9b98069 e-con-full e-flex e-con e-child\" data-id=\"9b98069\" data-element_type=\"container\">\n\t\t\t\t<div class=\"elementor-element elementor-element-4d1f226 elementor-widget elementor-widget-heading\" data-id=\"4d1f226\" data-element_type=\"widget\" data-widget_type=\"heading.default\">\n\t\t\t\t<div class=\"elementor-widget-container\">\n\t\t\t<h3 class=\"elementor-heading-title elementor-size-default\">Un pas de plus vers les vacances parfaites<\/h3>\t\t<\/div>\n\t\t\t\t<\/div>\n\t\t\t\t<div class=\"elementor-element elementor-element-9593092 elementor-align-center elementor-widget elementor-widget-button\" data-id=\"9593092\" data-element_type=\"widget\" data-widget_type=\"button.default\">\n\t\t\t\t<div class=\"elementor-widget-container\">\n\t\t\t\t\t<div class=\"elementor-button-wrapper\">\n\t\t\t<a class=\"elementor-button elementor-button-link elementor-size-sm\" href=\"https:\/\/louvrehotel.reserve-online.net\/\" target=\"_blank\" rel=\"noopener\">\n\t\t\t\t\t\t<span class=\"elementor-button-content-wrapper\">\n\t\t\t\t\t\t<span class=\"elementor-button-text\">R\u00c9SERVEZ MAINTENANT<\/span>\n\t\t<\/span>\n\t\t\t\t\t<\/a>\n\t\t<\/div>\n\t\t\t\t<\/div>\n\t\t\t\t<\/div>\n\t\t\t\t<\/div>\n\t\t\t\t<\/div>\n\t\t\t\t<\/div>\n\t\t\t\t<\/div>\n\t\t\t\t<\/div>\n\t\t\t\t<\/div>\n\t\t\t\t<\/div>\n\t\t\t\t<\/div>\n\t\t\t\t<\/div>\n\t\t","protected":false},"excerpt":{"rendered":"<p>Vous vous r\u00e9jouissez de vos prochaines vacances sur l&rsquo;\u00eele enchanteresse de Corfou ? Am\u00e9liorez vos vacances en profitant des offres sp\u00e9ciales et des forfaits que nous proposons. CLUB DE FID\u00c9LIT\u00c9 R\u00e9servez en ligne sur notre site web, devenez membre du Club de fid\u00e9lit\u00e9 de l&rsquo;h\u00f4tel Louvre et b\u00e9n\u00e9ficiez d&rsquo;une r\u00e9duction allant jusqu&rsquo;\u00e0 20 % pour [&hellip;]<\/p>\n","protected":false},"author":1,"featured_media":3040,"parent":0,"menu_order":0,"comment_status":"closed","ping_status":"closed","template":"","meta":{"site-sidebar-layout":"no-sidebar","site-content-layout":"page-builder","ast-site-content-layout":"","site-content-style":"default","site-sidebar-style":"default","ast-global-header-display":"","ast-banner-title-visibility":"","ast-main-header-display":"","ast-hfb-above-header-display":"","ast-hfb-below-header-display":"","ast-hfb-mobile-header-display":"","site-post-title":"disabled","ast-breadcrumbs-content":"","ast-featured-img":"disabled","footer-sml-layout":"","theme-transparent-header-meta":"","adv-header-id-meta":"","stick-header-meta":"","header-above-stick-meta":"","header-main-stick-meta":"","header-below-stick-meta":"","astra-migrate-meta-layouts":"set","ast-page-background-enabled":"default","ast-page-background-meta":{"desktop":{"background-color":"var(--ast-global-color-4)","background-image":"","background-repeat":"repeat","background-position":"center center","background-size":"auto","background-attachment":"scroll","background-type":"","background-media":"","overlay-type":"","overlay-color":"","overlay-gradient":""},"tablet":{"background-color":"","background-image":"","background-repeat":"repeat","background-position":"center center","background-size":"auto","background-attachment":"scroll","background-type":"","background-media":"","overlay-type":"","overlay-color":"","overlay-gradient":""},"mobile":{"background-color":"","background-image":"","background-repeat":"repeat","background-position":"center center","background-size":"auto","background-attachment":"scroll","background-type":"","background-media":"","overlay-type":"","overlay-color":"","overlay-gradient":""}},"ast-content-background-meta":{"desktop":{"background-color":"var(--ast-global-color-5)","background-image":"","background-repeat":"repeat","background-position":"center center","background-size":"auto","background-attachment":"scroll","background-type":"","background-media":"","overlay-type":"","overlay-color":"","overlay-gradient":""},"tablet":{"background-color":"var(--ast-global-color-5)","background-image":"","background-repeat":"repeat","background-position":"center center","background-size":"auto","background-attachment":"scroll","background-type":"","background-media":"","overlay-type":"","overlay-color":"","overlay-gradient":""},"mobile":{"background-color":"var(--ast-global-color-5)","background-image":"","background-repeat":"repeat","background-position":"center center","background-size":"auto","background-attachment":"scroll","background-type":"","background-media":"","overlay-type":"","overlay-color":"","overlay-gradient":""}},"footnotes":""},"class_list":["post-4085","page","type-page","status-publish","has-post-thumbnail","hentry"],"_links":{"self":[{"href":"https:\/\/www.louvrecorfu.com\/fr\/wp-json\/wp\/v2\/pages\/4085","targetHints":{"allow":["GET"]}}],"collection":[{"href":"https:\/\/www.louvrecorfu.com\/fr\/wp-json\/wp\/v2\/pages"}],"about":[{"href":"https:\/\/www.louvrecorfu.com\/fr\/wp-json\/wp\/v2\/types\/page"}],"author":[{"embeddable":true,"href":"https:\/\/www.louvrecorfu.com\/fr\/wp-json\/wp\/v2\/users\/1"}],"replies":[{"embeddable":true,"href":"https:\/\/www.louvrecorfu.com\/fr\/wp-json\/wp\/v2\/comments?post=4085"}],"version-history":[{"count":20,"href":"https:\/\/www.louvrecorfu.com\/fr\/wp-json\/wp\/v2\/pages\/4085\/revisions"}],"predecessor-version":[{"id":5493,"href":"https:\/\/www.louvrecorfu.com\/fr\/wp-json\/wp\/v2\/pages\/4085\/revisions\/5493"}],"wp:featuredmedia":[{"embeddable":true,"href":"https:\/\/www.louvrecorfu.com\/fr\/wp-json\/wp\/v2\/media\/3040"}],"wp:attachment":[{"href":"https:\/\/www.louvrecorfu.com\/fr\/wp-json\/wp\/v2\/media?parent=4085"}],"curies":[{"name":"wp","href":"https:\/\/api.w.org\/{rel}","templated":true}]}}