{"id":4057,"date":"2023-01-31T12:40:46","date_gmt":"2023-01-31T10:40:46","guid":{"rendered":"https:\/\/www.louvrecorfu.com\/services\/"},"modified":"2024-04-08T14:16:53","modified_gmt":"2024-04-08T12:16:53","slug":"prestations-et-services","status":"publish","type":"page","link":"https:\/\/www.louvrecorfu.com\/fr\/prestations-et-services\/","title":{"rendered":"Prestations et Services"},"content":{"rendered":"\t\t<div data-elementor-type=\"wp-page\" data-elementor-id=\"4057\" class=\"elementor elementor-4057 elementor-133\" data-elementor-post-type=\"page\">\n\t\t\t\t<div class=\"elementor-element elementor-element-6449567 e-con-full e-flex e-con e-parent\" data-id=\"6449567\" data-element_type=\"container\" data-core-v316-plus=\"true\">\n\t\t<div class=\"elementor-element elementor-element-3602a91 e-con-full e-flex e-con e-child\" data-id=\"3602a91\" data-element_type=\"container\">\n\t\t\t\t<div class=\"elementor-element elementor-element-51703fd elementor-widget elementor-widget-template\" data-id=\"51703fd\" data-element_type=\"widget\" data-widget_type=\"template.default\">\n\t\t\t\t<div class=\"elementor-widget-container\">\n\t\t\t\t\t<div class=\"elementor-template\">\n\t\t\t\t\t<div data-elementor-type=\"section\" data-elementor-id=\"4305\" class=\"elementor elementor-4305 elementor-2287\" data-elementor-post-type=\"elementor_library\">\n\t\t\t<div class=\"elementor-element elementor-element-c68b656 e-con-full e-flex e-con e-parent\" data-id=\"c68b656\" data-element_type=\"container\" data-settings=\"{&quot;background_background&quot;:&quot;classic&quot;}\" data-core-v316-plus=\"true\">\n\t\t<div class=\"elementor-element elementor-element-4e1193b e-con-full e-flex e-con e-child\" data-id=\"4e1193b\" data-element_type=\"container\">\n\t\t\t\t<div class=\"elementor-element elementor-element-324d56d elementor-widget elementor-widget-heading\" data-id=\"324d56d\" data-element_type=\"widget\" data-widget_type=\"heading.default\">\n\t\t\t\t<div class=\"elementor-widget-container\">\n\t\t\t<style>\/*! elementor - v3.20.0 - 26-03-2024 *\/\n.elementor-heading-title{padding:0;margin:0;line-height:1}.elementor-widget-heading .elementor-heading-title[class*=elementor-size-]>a{color:inherit;font-size:inherit;line-height:inherit}.elementor-widget-heading .elementor-heading-title.elementor-size-small{font-size:15px}.elementor-widget-heading .elementor-heading-title.elementor-size-medium{font-size:19px}.elementor-widget-heading .elementor-heading-title.elementor-size-large{font-size:29px}.elementor-widget-heading .elementor-heading-title.elementor-size-xl{font-size:39px}.elementor-widget-heading .elementor-heading-title.elementor-size-xxl{font-size:59px}<\/style><h1 class=\"elementor-heading-title elementor-size-default\">Prestations et Services<\/h1>\t\t<\/div>\n\t\t\t\t<\/div>\n\t\t\t\t<\/div>\n\t\t\t\t<\/div>\n\t\t\t\t<\/div>\n\t\t\t\t<\/div>\n\t\t\t\t<\/div>\n\t\t\t\t<\/div>\n\t\t\t\t<\/div>\n\t\t\t\t<\/div>\n\t\t<div class=\"elementor-element elementor-element-979e9b3 e-con-full e-flex e-con e-parent\" data-id=\"979e9b3\" data-element_type=\"container\" data-core-v316-plus=\"true\">\n\t\t<div class=\"elementor-element elementor-element-6addc35 e-con-full e-flex e-con e-child\" data-id=\"6addc35\" data-element_type=\"container\">\n\t\t\t\t<div class=\"elementor-element elementor-element-1f56b24 elementor-widget elementor-widget-text-editor\" data-id=\"1f56b24\" data-element_type=\"widget\" data-widget_type=\"text-editor.default\">\n\t\t\t\t<div class=\"elementor-widget-container\">\n\t\t\t<style>\/*! elementor - v3.20.0 - 26-03-2024 *\/\n.elementor-widget-text-editor.elementor-drop-cap-view-stacked .elementor-drop-cap{background-color:#69727d;color:#fff}.elementor-widget-text-editor.elementor-drop-cap-view-framed .elementor-drop-cap{color:#69727d;border:3px solid;background-color:transparent}.elementor-widget-text-editor:not(.elementor-drop-cap-view-default) .elementor-drop-cap{margin-top:8px}.elementor-widget-text-editor:not(.elementor-drop-cap-view-default) .elementor-drop-cap-letter{width:1em;height:1em}.elementor-widget-text-editor .elementor-drop-cap{float:left;text-align:center;line-height:1;font-size:50px}.elementor-widget-text-editor .elementor-drop-cap-letter{display:inline-block}<\/style>\t\t\t\tNous proposons une gamme de services pour rendre votre s\u00e9jour chez nous aussi confortable et pratique que possible.\t\t\t\t\t\t<\/div>\n\t\t\t\t<\/div>\n\t\t\t\t<div class=\"elementor-element elementor-element-d997caa elementor-widget elementor-widget-heading\" data-id=\"d997caa\" data-element_type=\"widget\" data-widget_type=\"heading.default\">\n\t\t\t\t<div class=\"elementor-widget-container\">\n\t\t\t<h2 class=\"elementor-heading-title elementor-size-default\">Nos services comprennent :<\/h2>\t\t<\/div>\n\t\t\t\t<\/div>\n\t\t<div class=\"elementor-element elementor-element-c9e4d0c e-grid e-con-boxed e-con e-child\" data-id=\"c9e4d0c\" data-element_type=\"container\">\n\t\t\t\t\t<div class=\"e-con-inner\">\n\t\t\t\t<div class=\"elementor-element elementor-element-5a9815c elementor-position-top elementor-widget elementor-widget-image-box\" data-id=\"5a9815c\" data-element_type=\"widget\" data-widget_type=\"image-box.default\">\n\t\t\t\t<div class=\"elementor-widget-container\">\n\t\t\t<style>\/*! elementor - v3.20.0 - 26-03-2024 *\/\n.elementor-widget-image-box .elementor-image-box-content{width:100%}@media (min-width:768px){.elementor-widget-image-box.elementor-position-left .elementor-image-box-wrapper,.elementor-widget-image-box.elementor-position-right .elementor-image-box-wrapper{display:flex}.elementor-widget-image-box.elementor-position-right .elementor-image-box-wrapper{text-align:right;flex-direction:row-reverse}.elementor-widget-image-box.elementor-position-left .elementor-image-box-wrapper{text-align:left;flex-direction:row}.elementor-widget-image-box.elementor-position-top .elementor-image-box-img{margin:auto}.elementor-widget-image-box.elementor-vertical-align-top .elementor-image-box-wrapper{align-items:flex-start}.elementor-widget-image-box.elementor-vertical-align-middle .elementor-image-box-wrapper{align-items:center}.elementor-widget-image-box.elementor-vertical-align-bottom .elementor-image-box-wrapper{align-items:flex-end}}@media (max-width:767px){.elementor-widget-image-box .elementor-image-box-img{margin-left:auto!important;margin-right:auto!important;margin-bottom:15px}}.elementor-widget-image-box .elementor-image-box-img{display:inline-block}.elementor-widget-image-box .elementor-image-box-title a{color:inherit}.elementor-widget-image-box .elementor-image-box-wrapper{text-align:center}.elementor-widget-image-box .elementor-image-box-description{margin:0}<\/style><div class=\"elementor-image-box-wrapper\"><figure class=\"elementor-image-box-img\"><img fetchpriority=\"high\" decoding=\"async\" width=\"512\" height=\"512\" src=\"https:\/\/www.louvrecorfu.com\/wp-content\/uploads\/012-wifi-signal.png\" class=\"attachment-full size-full wp-image-2311\" alt=\"\" srcset=\"https:\/\/www.louvrecorfu.com\/wp-content\/uploads\/012-wifi-signal.png 512w, https:\/\/www.louvrecorfu.com\/wp-content\/uploads\/012-wifi-signal-300x300.png 300w, https:\/\/www.louvrecorfu.com\/wp-content\/uploads\/012-wifi-signal-150x150.png 150w\" sizes=\"(max-width: 512px) 100vw, 512px\" \/><\/figure><div class=\"elementor-image-box-content\"><h3 class=\"elementor-image-box-title\">Service de Wi-Fi gratuit dans tout l'h\u00f4tel<\/h3><\/div><\/div>\t\t<\/div>\n\t\t\t\t<\/div>\n\t\t\t\t<div class=\"elementor-element elementor-element-5eedadb elementor-position-top elementor-widget elementor-widget-image-box\" data-id=\"5eedadb\" data-element_type=\"widget\" data-widget_type=\"image-box.default\">\n\t\t\t\t<div class=\"elementor-widget-container\">\n\t\t\t<div class=\"elementor-image-box-wrapper\"><figure class=\"elementor-image-box-img\"><img decoding=\"async\" width=\"512\" height=\"512\" src=\"https:\/\/www.louvrecorfu.com\/wp-content\/uploads\/021-smartphone.png\" class=\"attachment-full size-full wp-image-3091\" alt=\"\" srcset=\"https:\/\/www.louvrecorfu.com\/wp-content\/uploads\/021-smartphone.png 512w, https:\/\/www.louvrecorfu.com\/wp-content\/uploads\/021-smartphone-300x300.png 300w, https:\/\/www.louvrecorfu.com\/wp-content\/uploads\/021-smartphone-150x150.png 150w\" sizes=\"(max-width: 512px) 100vw, 512px\" \/><\/figure><div class=\"elementor-image-box-content\"><h3 class=\"elementor-image-box-title\">Tablette \u00e0 la r\u00e9ception (sur demande)<\/h3><\/div><\/div>\t\t<\/div>\n\t\t\t\t<\/div>\n\t\t\t\t<div class=\"elementor-element elementor-element-9df9bca elementor-position-top elementor-widget elementor-widget-image-box\" data-id=\"9df9bca\" data-element_type=\"widget\" data-widget_type=\"image-box.default\">\n\t\t\t\t<div class=\"elementor-widget-container\">\n\t\t\t<div class=\"elementor-image-box-wrapper\"><figure class=\"elementor-image-box-img\"><img decoding=\"async\" width=\"512\" height=\"512\" src=\"https:\/\/www.louvrecorfu.com\/wp-content\/uploads\/005-check-in.png\" class=\"attachment-full size-full wp-image-3095\" alt=\"\" srcset=\"https:\/\/www.louvrecorfu.com\/wp-content\/uploads\/005-check-in.png 512w, https:\/\/www.louvrecorfu.com\/wp-content\/uploads\/005-check-in-300x300.png 300w, https:\/\/www.louvrecorfu.com\/wp-content\/uploads\/005-check-in-150x150.png 150w\" sizes=\"(max-width: 512px) 100vw, 512px\" \/><\/figure><div class=\"elementor-image-box-content\"><h3 class=\"elementor-image-box-title\">Coin d'ordinateur (en suppl\u00e9ment)<\/h3><\/div><\/div>\t\t<\/div>\n\t\t\t\t<\/div>\n\t\t\t\t<div class=\"elementor-element elementor-element-1b28019 elementor-position-top elementor-widget elementor-widget-image-box\" data-id=\"1b28019\" data-element_type=\"widget\" data-widget_type=\"image-box.default\">\n\t\t\t\t<div class=\"elementor-widget-container\">\n\t\t\t<div class=\"elementor-image-box-wrapper\"><figure class=\"elementor-image-box-img\"><img loading=\"lazy\" decoding=\"async\" width=\"512\" height=\"512\" src=\"https:\/\/www.louvrecorfu.com\/wp-content\/uploads\/013-safety-box.png\" class=\"attachment-full size-full wp-image-1145\" alt=\"\" srcset=\"https:\/\/www.louvrecorfu.com\/wp-content\/uploads\/013-safety-box.png 512w, https:\/\/www.louvrecorfu.com\/wp-content\/uploads\/013-safety-box-300x300.png 300w, https:\/\/www.louvrecorfu.com\/wp-content\/uploads\/013-safety-box-150x150.png 150w\" sizes=\"(max-width: 512px) 100vw, 512px\" \/><\/figure><div class=\"elementor-image-box-content\"><h3 class=\"elementor-image-box-title\">Coffres forts (en suppl\u00e9ment)<\/h3><\/div><\/div>\t\t<\/div>\n\t\t\t\t<\/div>\n\t\t\t\t<div class=\"elementor-element elementor-element-2208605 elementor-position-top elementor-widget elementor-widget-image-box\" data-id=\"2208605\" data-element_type=\"widget\" data-widget_type=\"image-box.default\">\n\t\t\t\t<div class=\"elementor-widget-container\">\n\t\t\t<div class=\"elementor-image-box-wrapper\"><figure class=\"elementor-image-box-img\"><img loading=\"lazy\" decoding=\"async\" width=\"512\" height=\"512\" src=\"https:\/\/www.louvrecorfu.com\/wp-content\/uploads\/043-luggage-1.png\" class=\"attachment-full size-full wp-image-1156\" alt=\"\" srcset=\"https:\/\/www.louvrecorfu.com\/wp-content\/uploads\/043-luggage-1.png 512w, https:\/\/www.louvrecorfu.com\/wp-content\/uploads\/043-luggage-1-300x300.png 300w, https:\/\/www.louvrecorfu.com\/wp-content\/uploads\/043-luggage-1-150x150.png 150w\" sizes=\"(max-width: 512px) 100vw, 512px\" \/><\/figure><div class=\"elementor-image-box-content\"><h3 class=\"elementor-image-box-title\">Service de bagage et entreposage<\/h3><\/div><\/div>\t\t<\/div>\n\t\t\t\t<\/div>\n\t\t\t\t<div class=\"elementor-element elementor-element-293aae6 elementor-position-top elementor-widget elementor-widget-image-box\" data-id=\"293aae6\" data-element_type=\"widget\" data-widget_type=\"image-box.default\">\n\t\t\t\t<div class=\"elementor-widget-container\">\n\t\t\t<div class=\"elementor-image-box-wrapper\"><figure class=\"elementor-image-box-img\"><img loading=\"lazy\" decoding=\"async\" width=\"512\" height=\"512\" src=\"https:\/\/www.louvrecorfu.com\/wp-content\/uploads\/012-shower.png\" class=\"attachment-full size-full wp-image-3100\" alt=\"\" srcset=\"https:\/\/www.louvrecorfu.com\/wp-content\/uploads\/012-shower.png 512w, https:\/\/www.louvrecorfu.com\/wp-content\/uploads\/012-shower-300x300.png 300w, https:\/\/www.louvrecorfu.com\/wp-content\/uploads\/012-shower-150x150.png 150w\" sizes=\"(max-width: 512px) 100vw, 512px\" \/><\/figure><div class=\"elementor-image-box-content\"><h3 class=\"elementor-image-box-title\">Chambre avec douche gratuite apr\u00e8s le check-out <\/h3><\/div><\/div>\t\t<\/div>\n\t\t\t\t<\/div>\n\t\t\t\t<div class=\"elementor-element elementor-element-cb7fe50 elementor-position-top elementor-widget elementor-widget-image-box\" data-id=\"cb7fe50\" data-element_type=\"widget\" data-widget_type=\"image-box.default\">\n\t\t\t\t<div class=\"elementor-widget-container\">\n\t\t\t<div class=\"elementor-image-box-wrapper\"><figure class=\"elementor-image-box-img\"><img loading=\"lazy\" decoding=\"async\" width=\"512\" height=\"512\" src=\"https:\/\/www.louvrecorfu.com\/wp-content\/uploads\/food-basket.png\" class=\"attachment-full size-full wp-image-3084\" alt=\"\" srcset=\"https:\/\/www.louvrecorfu.com\/wp-content\/uploads\/food-basket.png 512w, https:\/\/www.louvrecorfu.com\/wp-content\/uploads\/food-basket-300x300.png 300w, https:\/\/www.louvrecorfu.com\/wp-content\/uploads\/food-basket-150x150.png 150w\" sizes=\"(max-width: 512px) 100vw, 512px\" \/><\/figure><div class=\"elementor-image-box-content\"><h3 class=\"elementor-image-box-title\">Service de petit-d\u00e9jeuner \u00e0 emporter (sur demande)<\/h3><\/div><\/div>\t\t<\/div>\n\t\t\t\t<\/div>\n\t\t\t\t<div class=\"elementor-element elementor-element-68ec4c2 elementor-position-top elementor-widget elementor-widget-image-box\" data-id=\"68ec4c2\" data-element_type=\"widget\" data-widget_type=\"image-box.default\">\n\t\t\t\t<div class=\"elementor-widget-container\">\n\t\t\t<div class=\"elementor-image-box-wrapper\"><figure class=\"elementor-image-box-img\"><img loading=\"lazy\" decoding=\"async\" width=\"512\" height=\"512\" src=\"https:\/\/www.louvrecorfu.com\/wp-content\/uploads\/002-breakfast.png\" class=\"attachment-full size-full wp-image-1133\" alt=\"\" srcset=\"https:\/\/www.louvrecorfu.com\/wp-content\/uploads\/002-breakfast.png 512w, https:\/\/www.louvrecorfu.com\/wp-content\/uploads\/002-breakfast-300x300.png 300w, https:\/\/www.louvrecorfu.com\/wp-content\/uploads\/002-breakfast-150x150.png 150w\" sizes=\"(max-width: 512px) 100vw, 512px\" \/><\/figure><div class=\"elementor-image-box-content\"><h3 class=\"elementor-image-box-title\">Service de petit-d\u00e9jeuner pr\u00e9coce sur demande<\/h3><\/div><\/div>\t\t<\/div>\n\t\t\t\t<\/div>\n\t\t\t\t<div class=\"elementor-element elementor-element-861ad18 elementor-position-top elementor-widget elementor-widget-image-box\" data-id=\"861ad18\" data-element_type=\"widget\" data-widget_type=\"image-box.default\">\n\t\t\t\t<div class=\"elementor-widget-container\">\n\t\t\t<div class=\"elementor-image-box-wrapper\"><figure class=\"elementor-image-box-img\"><img loading=\"lazy\" decoding=\"async\" width=\"512\" height=\"512\" src=\"https:\/\/www.louvrecorfu.com\/wp-content\/uploads\/033-laundry.png\" class=\"attachment-full size-full wp-image-1161\" alt=\"\" srcset=\"https:\/\/www.louvrecorfu.com\/wp-content\/uploads\/033-laundry.png 512w, https:\/\/www.louvrecorfu.com\/wp-content\/uploads\/033-laundry-300x300.png 300w, https:\/\/www.louvrecorfu.com\/wp-content\/uploads\/033-laundry-150x150.png 150w\" sizes=\"(max-width: 512px) 100vw, 512px\" \/><\/figure><div class=\"elementor-image-box-content\"><h3 class=\"elementor-image-box-title\">Service de blanchisserie (en suppl\u00e9ment)<\/h3><\/div><\/div>\t\t<\/div>\n\t\t\t\t<\/div>\n\t\t\t\t\t<\/div>\n\t\t\t\t<\/div>\n\t\t\t\t<\/div>\n\t\t<div class=\"elementor-element elementor-element-6fb881c e-con-full e-flex e-con e-child\" data-id=\"6fb881c\" data-element_type=\"container\">\n\t\t\t\t<div class=\"elementor-element elementor-element-c7e2af8 elementor-hidden-mobile elementor-widget elementor-widget-image\" data-id=\"c7e2af8\" data-element_type=\"widget\" data-widget_type=\"image.default\">\n\t\t\t\t<div class=\"elementor-widget-container\">\n\t\t\t<style>\/*! elementor - v3.20.0 - 26-03-2024 *\/\n.elementor-widget-image{text-align:center}.elementor-widget-image a{display:inline-block}.elementor-widget-image a img[src$=\".svg\"]{width:48px}.elementor-widget-image img{vertical-align:middle;display:inline-block}<\/style>\t\t\t\t\t\t\t\t\t\t<img decoding=\"async\" src=\"https:\/\/www.louvrecorfu.com\/wp-content\/uploads\/elementor\/thumbs\/services-our-services-include-louvre-ql6vmglr5cie12hrz7ge8634tlco0cinh1ndv7ng9c.jpg\" title=\"services-our-services-include-louvre\" alt=\"services-our-services-include-louvre\" loading=\"lazy\" \/>\t\t\t\t\t\t\t\t\t\t\t\t\t<\/div>\n\t\t\t\t<\/div>\n\t\t\t\t<\/div>\n\t\t\t\t<\/div>\n\t\t<div class=\"elementor-element elementor-element-aa80193 e-con-full e-flex e-con e-parent\" data-id=\"aa80193\" data-element_type=\"container\" data-core-v316-plus=\"true\">\n\t\t<div class=\"elementor-element elementor-element-4c23964 e-con-full e-flex e-con e-child\" data-id=\"4c23964\" data-element_type=\"container\">\n\t\t\t\t<div class=\"elementor-element elementor-element-049d314 elementor-widget elementor-widget-template\" data-id=\"049d314\" data-element_type=\"widget\" data-widget_type=\"template.default\">\n\t\t\t\t<div class=\"elementor-widget-container\">\n\t\t\t\t\t<div class=\"elementor-template\">\n\t\t\t\t\t<div data-elementor-type=\"section\" data-elementor-id=\"4073\" class=\"elementor elementor-4073 elementor-1243\" data-elementor-post-type=\"elementor_library\">\n\t\t\t<div class=\"elementor-element elementor-element-598b377 e-con-full e-flex e-con e-parent\" data-id=\"598b377\" data-element_type=\"container\" data-settings=\"{&quot;background_background&quot;:&quot;classic&quot;}\" data-core-v316-plus=\"true\">\n\t\t<div class=\"elementor-element elementor-element-9b98069 e-con-full e-flex e-con e-child\" data-id=\"9b98069\" data-element_type=\"container\">\n\t\t\t\t<div class=\"elementor-element elementor-element-4d1f226 elementor-widget elementor-widget-heading\" data-id=\"4d1f226\" data-element_type=\"widget\" data-widget_type=\"heading.default\">\n\t\t\t\t<div class=\"elementor-widget-container\">\n\t\t\t<h3 class=\"elementor-heading-title elementor-size-default\">Un pas de plus vers les vacances parfaites<\/h3>\t\t<\/div>\n\t\t\t\t<\/div>\n\t\t\t\t<div class=\"elementor-element elementor-element-9593092 elementor-align-center elementor-widget elementor-widget-button\" data-id=\"9593092\" data-element_type=\"widget\" data-widget_type=\"button.default\">\n\t\t\t\t<div class=\"elementor-widget-container\">\n\t\t\t\t\t<div class=\"elementor-button-wrapper\">\n\t\t\t<a class=\"elementor-button elementor-button-link elementor-size-sm\" href=\"https:\/\/louvrehotel.reserve-online.net\/\" target=\"_blank\" rel=\"noopener\">\n\t\t\t\t\t\t<span class=\"elementor-button-content-wrapper\">\n\t\t\t\t\t\t<span class=\"elementor-button-text\">R\u00c9SERVEZ MAINTENANT<\/span>\n\t\t<\/span>\n\t\t\t\t\t<\/a>\n\t\t<\/div>\n\t\t\t\t<\/div>\n\t\t\t\t<\/div>\n\t\t\t\t<\/div>\n\t\t\t\t<\/div>\n\t\t\t\t<\/div>\n\t\t\t\t<\/div>\n\t\t\t\t<\/div>\n\t\t\t\t<\/div>\n\t\t\t\t<\/div>\n\t\t\t\t<\/div>\n\t\t\t\t<\/div>\n\t\t","protected":false},"excerpt":{"rendered":"<p>Nous proposons une gamme de services pour rendre votre s\u00e9jour chez nous aussi confortable et pratique que possible. Nos services comprennent : Service de Wi-Fi gratuit dans tout l&rsquo;h\u00f4tel Tablette \u00e0 la r\u00e9ception (sur demande) Coin d&rsquo;ordinateur (en suppl\u00e9ment) Coffres forts (en suppl\u00e9ment) Service de bagage et entreposage Chambre avec douche gratuite apr\u00e8s le check-out [&hellip;]<\/p>\n","protected":false},"author":1,"featured_media":3507,"parent":0,"menu_order":0,"comment_status":"closed","ping_status":"closed","template":"","meta":{"site-sidebar-layout":"no-sidebar","site-content-layout":"page-builder","ast-site-content-layout":"full-width-container","site-content-style":"unboxed","site-sidebar-style":"unboxed","ast-global-header-display":"","ast-banner-title-visibility":"","ast-main-header-display":"","ast-hfb-above-header-display":"","ast-hfb-below-header-display":"","ast-hfb-mobile-header-display":"","site-post-title":"disabled","ast-breadcrumbs-content":"","ast-featured-img":"disabled","footer-sml-layout":"","theme-transparent-header-meta":"","adv-header-id-meta":"","stick-header-meta":"","header-above-stick-meta":"","header-main-stick-meta":"","header-below-stick-meta":"","astra-migrate-meta-layouts":"set","ast-page-background-enabled":"default","ast-page-background-meta":{"desktop":{"background-color":"var(--ast-global-color-4)","background-image":"","background-repeat":"repeat","background-position":"center center","background-size":"auto","background-attachment":"scroll","background-type":"","background-media":"","overlay-type":"","overlay-color":"","overlay-gradient":""},"tablet":{"background-color":"","background-image":"","background-repeat":"repeat","background-position":"center center","background-size":"auto","background-attachment":"scroll","background-type":"","background-media":"","overlay-type":"","overlay-color":"","overlay-gradient":""},"mobile":{"background-color":"","background-image":"","background-repeat":"repeat","background-position":"center center","background-size":"auto","background-attachment":"scroll","background-type":"","background-media":"","overlay-type":"","overlay-color":"","overlay-gradient":""}},"ast-content-background-meta":{"desktop":{"background-color":"var(--ast-global-color-5)","background-image":"","background-repeat":"repeat","background-position":"center center","background-size":"auto","background-attachment":"scroll","background-type":"","background-media":"","overlay-type":"","overlay-color":"","overlay-gradient":""},"tablet":{"background-color":"var(--ast-global-color-5)","background-image":"","background-repeat":"repeat","background-position":"center center","background-size":"auto","background-attachment":"scroll","background-type":"","background-media":"","overlay-type":"","overlay-color":"","overlay-gradient":""},"mobile":{"background-color":"var(--ast-global-color-5)","background-image":"","background-repeat":"repeat","background-position":"center center","background-size":"auto","background-attachment":"scroll","background-type":"","background-media":"","overlay-type":"","overlay-color":"","overlay-gradient":""}},"footnotes":""},"class_list":["post-4057","page","type-page","status-publish","has-post-thumbnail","hentry"],"_links":{"self":[{"href":"https:\/\/www.louvrecorfu.com\/fr\/wp-json\/wp\/v2\/pages\/4057","targetHints":{"allow":["GET"]}}],"collection":[{"href":"https:\/\/www.louvrecorfu.com\/fr\/wp-json\/wp\/v2\/pages"}],"about":[{"href":"https:\/\/www.louvrecorfu.com\/fr\/wp-json\/wp\/v2\/types\/page"}],"author":[{"embeddable":true,"href":"https:\/\/www.louvrecorfu.com\/fr\/wp-json\/wp\/v2\/users\/1"}],"replies":[{"embeddable":true,"href":"https:\/\/www.louvrecorfu.com\/fr\/wp-json\/wp\/v2\/comments?post=4057"}],"version-history":[{"count":1,"href":"https:\/\/www.louvrecorfu.com\/fr\/wp-json\/wp\/v2\/pages\/4057\/revisions"}],"predecessor-version":[{"id":5722,"href":"https:\/\/www.louvrecorfu.com\/fr\/wp-json\/wp\/v2\/pages\/4057\/revisions\/5722"}],"wp:featuredmedia":[{"embeddable":true,"href":"https:\/\/www.louvrecorfu.com\/fr\/wp-json\/wp\/v2\/media\/3507"}],"wp:attachment":[{"href":"https:\/\/www.louvrecorfu.com\/fr\/wp-json\/wp\/v2\/media?parent=4057"}],"curies":[{"name":"wp","href":"https:\/\/api.w.org\/{rel}","templated":true}]}}