{"id":4009,"date":"2023-01-31T08:52:14","date_gmt":"2023-01-31T06:52:14","guid":{"rendered":"https:\/\/www.louvrecorfu.com\/faq\/"},"modified":"2026-02-24T16:03:46","modified_gmt":"2026-02-24T14:03:46","slug":"foire-aux-questions","status":"publish","type":"page","link":"https:\/\/www.louvrecorfu.com\/fr\/foire-aux-questions\/","title":{"rendered":"Foire aux questions"},"content":{"rendered":"\t\t<div data-elementor-type=\"wp-page\" data-elementor-id=\"4009\" class=\"elementor elementor-4009 elementor-87\" data-elementor-post-type=\"page\">\n\t\t\t\t<div class=\"elementor-element elementor-element-e07a786 e-con-full e-flex e-con e-parent\" data-id=\"e07a786\" data-element_type=\"container\" data-settings=\"{&quot;background_background&quot;:&quot;classic&quot;}\" data-core-v316-plus=\"true\">\n\t\t<div class=\"elementor-element elementor-element-55f2c83 e-con-full e-flex e-con e-child\" data-id=\"55f2c83\" data-element_type=\"container\">\n\t\t\t\t<div class=\"elementor-element elementor-element-5f1427c elementor-widget elementor-widget-heading\" data-id=\"5f1427c\" data-element_type=\"widget\" data-widget_type=\"heading.default\">\n\t\t\t\t<div class=\"elementor-widget-container\">\n\t\t\t<style>\/*! elementor - v3.20.0 - 26-03-2024 *\/\n.elementor-heading-title{padding:0;margin:0;line-height:1}.elementor-widget-heading .elementor-heading-title[class*=elementor-size-]>a{color:inherit;font-size:inherit;line-height:inherit}.elementor-widget-heading .elementor-heading-title.elementor-size-small{font-size:15px}.elementor-widget-heading .elementor-heading-title.elementor-size-medium{font-size:19px}.elementor-widget-heading .elementor-heading-title.elementor-size-large{font-size:29px}.elementor-widget-heading .elementor-heading-title.elementor-size-xl{font-size:39px}.elementor-widget-heading .elementor-heading-title.elementor-size-xxl{font-size:59px}<\/style><h1 class=\"elementor-heading-title elementor-size-default\">Foire aux questions<\/h1>\t\t<\/div>\n\t\t\t\t<\/div>\n\t\t\t\t<\/div>\n\t\t\t\t<\/div>\n\t\t<div class=\"elementor-element elementor-element-e3cff38 e-flex e-con-boxed e-con e-parent\" data-id=\"e3cff38\" data-element_type=\"container\" data-core-v316-plus=\"true\">\n\t\t\t\t\t<div class=\"e-con-inner\">\n\t\t<div class=\"elementor-element elementor-element-ac609c2 e-con-full e-flex e-con e-child\" data-id=\"ac609c2\" data-element_type=\"container\">\n\t\t\t\t<div class=\"elementor-element elementor-element-a4820f9 elementor-widget elementor-widget-tp-accordion\" data-id=\"a4820f9\" data-element_type=\"widget\" data-widget_type=\"tp-accordion.default\">\n\t\t\t\t<div class=\"elementor-widget-container\">\n\t\t\t\t\t<div class=\"theplus-accordion-wrapper elementor-accordion   \" id=\"accordion69e9fc85809a0\" data-accordion-id=\"accordion69e9fc85809a0\" data-connection=\"\" data-accordion-type=\"accordion\" data-heightlight-text    role=\"tablist\" > \n\t\t\n\t\t\t\t\t\t<div class=\"theplus-accordion-item\"  role=\"tab\">\n\t\t\t\t\t<div id=\"elementor-tab-title-1721\" class=\"elementor-tab-title plus-accordion-header active-default text-left \" data-tab=\"1\" aria-controls=\"elementor-tab-content-1721\">\n\t\t\t\t\t\t\t\t\t\t\t\t\t\t\t\t\t\t\t\t\t\t\t\t\t\t\t\t\t\t\t\t<span class=\"elementor-accordion-icon elementor-accordion-icon-left\" aria-hidden=\"true\"><i class=\"elementor-accordion-icon-closed fa fa-plus\"><\/i><i class=\"elementor-accordion-icon-opened fa fa-minus\"><\/i><\/span>\t\t\t\t\t\t\t\t\t\t\t\t\n\t\t\t\t\t\t <span style=\"width:100%\">L'h\u00f4tel Louvre est-il ouvert toute l'ann\u00e9e ?<\/span>\t\t\t\t\t\t\t\t\t\t\t<\/div>\n\t\t\t\t\t\n\t\t\t\t\t\t\t\t\t\t\t<div id=\"elementor-tab-content-1721\" class=\"elementor-tab-content elementor-clearfix plus-accordion-content active-default \" data-tab=\"1\" role=\"tabpanel\" aria-labelledby=\"elementor-tab-title-1721\">\n\t\t\t\t\t\t\t<div class=\"plus-content-editor\" >Notre h\u00f4tel fonctionne de mani\u00e8re saisonni\u00e8re et est ouvert pendant la P\u00e2que orthodoxe et de d\u00e9but mai \u00e0 mi-octobre.<\/div>\t\t\t\t\t\t\t\t\t\t\t\t\t\n\t\t\t\t\t\t<\/div> \n\t\t\t\t\t\t\t\t\t\t\n\t\t\t\t<\/div>\n\t\t\t\t\t\t\t\t<div class=\"theplus-accordion-item\"  role=\"tab\">\n\t\t\t\t\t<div id=\"elementor-tab-title-1722\" class=\"elementor-tab-title plus-accordion-header no text-left \" data-tab=\"2\" aria-controls=\"elementor-tab-content-1722\">\n\t\t\t\t\t\t\t\t\t\t\t\t\t\t\t\t\t\t\t\t\t\t\t\t\t\t\t\t\t\t\t\t<span class=\"elementor-accordion-icon elementor-accordion-icon-left\" aria-hidden=\"true\"><i class=\"elementor-accordion-icon-closed fa fa-plus\"><\/i><i class=\"elementor-accordion-icon-opened fa fa-minus\"><\/i><\/span>\t\t\t\t\t\t\t\t\t\t\t\t\n\t\t\t\t\t\t <span style=\"width:100%\">L'h\u00f4tel a-t-il \u00e9t\u00e9 r\u00e9cemment r\u00e9nov\u00e9 ?<\/span>\t\t\t\t\t\t\t\t\t\t\t<\/div>\n\t\t\t\t\t\n\t\t\t\t\t\t\t\t\t\t\t<div id=\"elementor-tab-content-1722\" class=\"elementor-tab-content elementor-clearfix plus-accordion-content no \" data-tab=\"2\" role=\"tabpanel\" aria-labelledby=\"elementor-tab-title-1722\">\n\t\t\t\t\t\t\t<div class=\"plus-content-editor\" >Toutes les chambres de l&rsquo;h\u00f4tel sont r\u00e9cemment r\u00e9nov\u00e9es.<\/div>\t\t\t\t\t\t\t\t\t\t\t\t\t\n\t\t\t\t\t\t<\/div> \n\t\t\t\t\t\t\t\t\t\t\n\t\t\t\t<\/div>\n\t\t\t\t\t\t\t\t<div class=\"theplus-accordion-item\"  role=\"tab\">\n\t\t\t\t\t<div id=\"elementor-tab-title-1723\" class=\"elementor-tab-title plus-accordion-header no text-left \" data-tab=\"3\" aria-controls=\"elementor-tab-content-1723\">\n\t\t\t\t\t\t\t\t\t\t\t\t\t\t\t\t\t\t\t\t\t\t\t\t\t\t\t\t\t\t\t\t<span class=\"elementor-accordion-icon elementor-accordion-icon-left\" aria-hidden=\"true\"><i class=\"elementor-accordion-icon-closed fa fa-plus\"><\/i><i class=\"elementor-accordion-icon-opened fa fa-minus\"><\/i><\/span>\t\t\t\t\t\t\t\t\t\t\t\t\n\t\t\t\t\t\t <span style=\"width:100%\">L'h\u00f4tel Louvre est-il proche de la plage ? <\/span>\t\t\t\t\t\t\t\t\t\t\t<\/div>\n\t\t\t\t\t\n\t\t\t\t\t\t\t\t\t\t\t<div id=\"elementor-tab-content-1723\" class=\"elementor-tab-content elementor-clearfix plus-accordion-content no \" data-tab=\"3\" role=\"tabpanel\" aria-labelledby=\"elementor-tab-title-1723\">\n\t\t\t\t\t\t\t<div class=\"plus-content-editor\" >Oui, l&rsquo;h\u00f4tel est situ\u00e9 \u00e0 quelques m\u00e8tres de la plage de Gouvia.<\/div>\t\t\t\t\t\t\t\t\t\t\t\t\t\n\t\t\t\t\t\t<\/div> \n\t\t\t\t\t\t\t\t\t\t\n\t\t\t\t<\/div>\n\t\t\t\t\t\t\t\t<div class=\"theplus-accordion-item\"  role=\"tab\">\n\t\t\t\t\t<div id=\"elementor-tab-title-1724\" class=\"elementor-tab-title plus-accordion-header no text-left \" data-tab=\"4\" aria-controls=\"elementor-tab-content-1724\">\n\t\t\t\t\t\t\t\t\t\t\t\t\t\t\t\t\t\t\t\t\t\t\t\t\t\t\t\t\t\t\t\t<span class=\"elementor-accordion-icon elementor-accordion-icon-left\" aria-hidden=\"true\"><i class=\"elementor-accordion-icon-closed fa fa-plus\"><\/i><i class=\"elementor-accordion-icon-opened fa fa-minus\"><\/i><\/span>\t\t\t\t\t\t\t\t\t\t\t\t\n\t\t\t\t\t\t <span style=\"width:100%\">L'h\u00f4tel dispose-t-il de places de parking ?<\/span>\t\t\t\t\t\t\t\t\t\t\t<\/div>\n\t\t\t\t\t\n\t\t\t\t\t\t\t\t\t\t\t<div id=\"elementor-tab-content-1724\" class=\"elementor-tab-content elementor-clearfix plus-accordion-content no \" data-tab=\"4\" role=\"tabpanel\" aria-labelledby=\"elementor-tab-title-1724\">\n\t\t\t\t\t\t\t<div class=\"plus-content-editor\" >En raison de l&#8217;emplacement de l&rsquo;h\u00f4tel dans la rue, il ne dispose pas de place de parking, mais il y a un parking municipal gratuit au bord de la plage (\u00e0 100 m de l&rsquo;h\u00f4tel).<\/div>\t\t\t\t\t\t\t\t\t\t\t\t\t\n\t\t\t\t\t\t<\/div> \n\t\t\t\t\t\t\t\t\t\t\n\t\t\t\t<\/div>\n\t\t\t\t\t\t\t\t<div class=\"theplus-accordion-item\"  role=\"tab\">\n\t\t\t\t\t<div id=\"elementor-tab-title-1725\" class=\"elementor-tab-title plus-accordion-header no text-left \" data-tab=\"5\" aria-controls=\"elementor-tab-content-1725\">\n\t\t\t\t\t\t\t\t\t\t\t\t\t\t\t\t\t\t\t\t\t\t\t\t\t\t\t\t\t\t\t\t<span class=\"elementor-accordion-icon elementor-accordion-icon-left\" aria-hidden=\"true\"><i class=\"elementor-accordion-icon-closed fa fa-plus\"><\/i><i class=\"elementor-accordion-icon-opened fa fa-minus\"><\/i><\/span>\t\t\t\t\t\t\t\t\t\t\t\t\n\t\t\t\t\t\t <span style=\"width:100%\">Quelle est l'heure d'arriv\u00e9e et de d\u00e9part ?<\/span>\t\t\t\t\t\t\t\t\t\t\t<\/div>\n\t\t\t\t\t\n\t\t\t\t\t\t\t\t\t\t\t<div id=\"elementor-tab-content-1725\" class=\"elementor-tab-content elementor-clearfix plus-accordion-content no \" data-tab=\"5\" role=\"tabpanel\" aria-labelledby=\"elementor-tab-title-1725\">\n\t\t\t\t\t\t\t<div class=\"plus-content-editor\" ><p>L&rsquo;enregistrement se fait \u00e0 14h00 et le d\u00e9part \u00e0 11h00.<\/p><\/div>\t\t\t\t\t\t\t\t\t\t\t\t\t\n\t\t\t\t\t\t<\/div> \n\t\t\t\t\t\t\t\t\t\t\n\t\t\t\t<\/div>\n\t\t\t\t\t\t\t\t<div class=\"theplus-accordion-item\"  role=\"tab\">\n\t\t\t\t\t<div id=\"elementor-tab-title-1726\" class=\"elementor-tab-title plus-accordion-header no text-left \" data-tab=\"6\" aria-controls=\"elementor-tab-content-1726\">\n\t\t\t\t\t\t\t\t\t\t\t\t\t\t\t\t\t\t\t\t\t\t\t\t\t\t\t\t\t\t\t\t<span class=\"elementor-accordion-icon elementor-accordion-icon-left\" aria-hidden=\"true\"><i class=\"elementor-accordion-icon-closed fa fa-plus\"><\/i><i class=\"elementor-accordion-icon-opened fa fa-minus\"><\/i><\/span>\t\t\t\t\t\t\t\t\t\t\t\t\n\t\t\t\t\t\t <span style=\"width:100%\">Puis-je b\u00e9n\u00e9ficier d'un d\u00e9part tardif ou d'une arriv\u00e9e anticip\u00e9e ? <\/span>\t\t\t\t\t\t\t\t\t\t\t<\/div>\n\t\t\t\t\t\n\t\t\t\t\t\t\t\t\t\t\t<div id=\"elementor-tab-content-1726\" class=\"elementor-tab-content elementor-clearfix plus-accordion-content no \" data-tab=\"6\" role=\"tabpanel\" aria-labelledby=\"elementor-tab-title-1726\">\n\t\t\t\t\t\t\t<div class=\"plus-content-editor\" >Le d\u00e9part tardif ou l&rsquo;arriv\u00e9e anticip\u00e9e est possible sur demande et sous r\u00e9serve de disponibilit\u00e9, moyennant un suppl\u00e9ment.<\/div>\t\t\t\t\t\t\t\t\t\t\t\t\t\n\t\t\t\t\t\t<\/div> \n\t\t\t\t\t\t\t\t\t\t\n\t\t\t\t<\/div>\n\t\t\t\t\t\t\t\t<div class=\"theplus-accordion-item\"  role=\"tab\">\n\t\t\t\t\t<div id=\"elementor-tab-title-1727\" class=\"elementor-tab-title plus-accordion-header no text-left \" data-tab=\"7\" aria-controls=\"elementor-tab-content-1727\">\n\t\t\t\t\t\t\t\t\t\t\t\t\t\t\t\t\t\t\t\t\t\t\t\t\t\t\t\t\t\t\t\t<span class=\"elementor-accordion-icon elementor-accordion-icon-left\" aria-hidden=\"true\"><i class=\"elementor-accordion-icon-closed fa fa-plus\"><\/i><i class=\"elementor-accordion-icon-opened fa fa-minus\"><\/i><\/span>\t\t\t\t\t\t\t\t\t\t\t\t\n\t\t\t\t\t\t <span style=\"width:100%\">Les animaux domestiques sont-ils admis dans l'h\u00f4tel ? <\/span>\t\t\t\t\t\t\t\t\t\t\t<\/div>\n\t\t\t\t\t\n\t\t\t\t\t\t\t\t\t\t\t<div id=\"elementor-tab-content-1727\" class=\"elementor-tab-content elementor-clearfix plus-accordion-content no \" data-tab=\"7\" role=\"tabpanel\" aria-labelledby=\"elementor-tab-title-1727\">\n\t\t\t\t\t\t\t<div class=\"plus-content-editor\" >Les animaux domestiques sont admis dans l&rsquo;h\u00f4tel sur demande, \u00e0 condition qu&rsquo;ils ne p\u00e8sent pas plus de 5 kg.<\/div>\t\t\t\t\t\t\t\t\t\t\t\t\t\n\t\t\t\t\t\t<\/div> \n\t\t\t\t\t\t\t\t\t\t\n\t\t\t\t<\/div>\n\t\t\t\t\t\t\t\t<div class=\"theplus-accordion-item\"  role=\"tab\">\n\t\t\t\t\t<div id=\"elementor-tab-title-1728\" class=\"elementor-tab-title plus-accordion-header no text-left \" data-tab=\"8\" aria-controls=\"elementor-tab-content-1728\">\n\t\t\t\t\t\t\t\t\t\t\t\t\t\t\t\t\t\t\t\t\t\t\t\t\t\t\t\t\t\t\t\t<span class=\"elementor-accordion-icon elementor-accordion-icon-left\" aria-hidden=\"true\"><i class=\"elementor-accordion-icon-closed fa fa-plus\"><\/i><i class=\"elementor-accordion-icon-opened fa fa-minus\"><\/i><\/span>\t\t\t\t\t\t\t\t\t\t\t\t\n\t\t\t\t\t\t <span style=\"width:100%\">L'h\u00f4tel dispose-t-il d'un ascenseur ?<\/span>\t\t\t\t\t\t\t\t\t\t\t<\/div>\n\t\t\t\t\t\n\t\t\t\t\t\t\t\t\t\t\t<div id=\"elementor-tab-content-1728\" class=\"elementor-tab-content elementor-clearfix plus-accordion-content no \" data-tab=\"8\" role=\"tabpanel\" aria-labelledby=\"elementor-tab-title-1728\">\n\t\t\t\t\t\t\t<div class=\"plus-content-editor\" >Oui, notre h\u00f4tel dispose d&rsquo;un ascenseur pour le confort de nos clients.<\/div>\t\t\t\t\t\t\t\t\t\t\t\t\t\n\t\t\t\t\t\t<\/div> \n\t\t\t\t\t\t\t\t\t\t\n\t\t\t\t<\/div>\n\t\t\t\t\t\t\t\t<div class=\"theplus-accordion-item\"  role=\"tab\">\n\t\t\t\t\t<div id=\"elementor-tab-title-1729\" class=\"elementor-tab-title plus-accordion-header no text-left \" data-tab=\"9\" aria-controls=\"elementor-tab-content-1729\">\n\t\t\t\t\t\t\t\t\t\t\t\t\t\t\t\t\t\t\t\t\t\t\t\t\t\t\t\t\t\t\t\t<span class=\"elementor-accordion-icon elementor-accordion-icon-left\" aria-hidden=\"true\"><i class=\"elementor-accordion-icon-closed fa fa-plus\"><\/i><i class=\"elementor-accordion-icon-opened fa fa-minus\"><\/i><\/span>\t\t\t\t\t\t\t\t\t\t\t\t\n\t\t\t\t\t\t <span style=\"width:100%\">L'h\u00f4tel dispose-t-il de zones et de chambres accessibles aux personnes handicap\u00e9es ?<\/span>\t\t\t\t\t\t\t\t\t\t\t<\/div>\n\t\t\t\t\t\n\t\t\t\t\t\t\t\t\t\t\t<div id=\"elementor-tab-content-1729\" class=\"elementor-tab-content elementor-clearfix plus-accordion-content no \" data-tab=\"9\" role=\"tabpanel\" aria-labelledby=\"elementor-tab-title-1729\">\n\t\t\t\t\t\t\t<div class=\"plus-content-editor\" >Oui, tous les espaces publics ainsi que les espaces ext\u00e9rieurs sont accessibles par des ascenseurs, et nous proposons des chambres au rez-de-chauss\u00e9e et une chambre accessible sur demande et selon la disponibilit\u00e9.<\/div>\t\t\t\t\t\t\t\t\t\t\t\t\t\n\t\t\t\t\t\t<\/div> \n\t\t\t\t\t\t\t\t\t\t\n\t\t\t\t<\/div>\n\t\t\t\t\t\t\t\t<div class=\"theplus-accordion-item\"  role=\"tab\">\n\t\t\t\t\t<div id=\"elementor-tab-title-17210\" class=\"elementor-tab-title plus-accordion-header no text-left \" data-tab=\"10\" aria-controls=\"elementor-tab-content-17210\">\n\t\t\t\t\t\t\t\t\t\t\t\t\t\t\t\t\t\t\t\t\t\t\t\t\t\t\t\t\t\t\t\t<span class=\"elementor-accordion-icon elementor-accordion-icon-left\" aria-hidden=\"true\"><i class=\"elementor-accordion-icon-closed fa fa-plus\"><\/i><i class=\"elementor-accordion-icon-opened fa fa-minus\"><\/i><\/span>\t\t\t\t\t\t\t\t\t\t\t\t\n\t\t\t\t\t\t <span style=\"width:100%\">L'h\u00f4tel propose-t-il un petit-d\u00e9jeuner ?<\/span>\t\t\t\t\t\t\t\t\t\t\t<\/div>\n\t\t\t\t\t\n\t\t\t\t\t\t\t\t\t\t\t<div id=\"elementor-tab-content-17210\" class=\"elementor-tab-content elementor-clearfix plus-accordion-content no \" data-tab=\"10\" role=\"tabpanel\" aria-labelledby=\"elementor-tab-title-17210\">\n\t\t\t\t\t\t\t<div class=\"plus-content-editor\" >Oui, l&rsquo;h\u00f4tel propose un petit d\u00e9jeuner, qui est servi de 07h00 \u00e0 10h30.<\/div>\t\t\t\t\t\t\t\t\t\t\t\t\t\n\t\t\t\t\t\t<\/div> \n\t\t\t\t\t\t\t\t\t\t\n\t\t\t\t<\/div>\n\t\t\t\t\t\t<\/div> \t\t<\/div>\n\t\t\t\t<\/div>\n\t\t\t\t<\/div>\n\t\t\t\t\t<\/div>\n\t\t\t\t<\/div>\n\t\t\t\t<\/div>\n\t\t","protected":false},"excerpt":{"rendered":"<p>L&rsquo;h\u00f4tel Louvre est-il ouvert toute l&rsquo;ann\u00e9e ? Notre h\u00f4tel fonctionne de mani\u00e8re saisonni\u00e8re et est ouvert pendant la P\u00e2que orthodoxe et de d\u00e9but mai \u00e0 mi-octobre. L&rsquo;h\u00f4tel a-t-il \u00e9t\u00e9 r\u00e9cemment r\u00e9nov\u00e9 ? Toutes les chambres de l&#8217;h\u00f4tel sont r\u00e9cemment r\u00e9nov\u00e9es. L&rsquo;h\u00f4tel Louvre est-il proche de la plage ? Oui, l&#8217;h\u00f4tel est situ\u00e9 \u00e0 quelques m\u00e8tres [&hellip;]<\/p>\n","protected":false},"author":1,"featured_media":3040,"parent":0,"menu_order":0,"comment_status":"closed","ping_status":"closed","template":"","meta":{"site-sidebar-layout":"no-sidebar","site-content-layout":"page-builder","ast-site-content-layout":"","site-content-style":"default","site-sidebar-style":"default","ast-global-header-display":"","ast-banner-title-visibility":"","ast-main-header-display":"","ast-hfb-above-header-display":"","ast-hfb-below-header-display":"","ast-hfb-mobile-header-display":"","site-post-title":"disabled","ast-breadcrumbs-content":"","ast-featured-img":"disabled","footer-sml-layout":"","theme-transparent-header-meta":"","adv-header-id-meta":"","stick-header-meta":"","header-above-stick-meta":"","header-main-stick-meta":"","header-below-stick-meta":"","astra-migrate-meta-layouts":"set","ast-page-background-enabled":"default","ast-page-background-meta":{"desktop":{"background-color":"var(--ast-global-color-4)","background-image":"","background-repeat":"repeat","background-position":"center center","background-size":"auto","background-attachment":"scroll","background-type":"","background-media":"","overlay-type":"","overlay-color":"","overlay-gradient":""},"tablet":{"background-color":"","background-image":"","background-repeat":"repeat","background-position":"center center","background-size":"auto","background-attachment":"scroll","background-type":"","background-media":"","overlay-type":"","overlay-color":"","overlay-gradient":""},"mobile":{"background-color":"","background-image":"","background-repeat":"repeat","background-position":"center center","background-size":"auto","background-attachment":"scroll","background-type":"","background-media":"","overlay-type":"","overlay-color":"","overlay-gradient":""}},"ast-content-background-meta":{"desktop":{"background-color":"var(--ast-global-color-5)","background-image":"","background-repeat":"repeat","background-position":"center center","background-size":"auto","background-attachment":"scroll","background-type":"","background-media":"","overlay-type":"","overlay-color":"","overlay-gradient":""},"tablet":{"background-color":"var(--ast-global-color-5)","background-image":"","background-repeat":"repeat","background-position":"center center","background-size":"auto","background-attachment":"scroll","background-type":"","background-media":"","overlay-type":"","overlay-color":"","overlay-gradient":""},"mobile":{"background-color":"var(--ast-global-color-5)","background-image":"","background-repeat":"repeat","background-position":"center center","background-size":"auto","background-attachment":"scroll","background-type":"","background-media":"","overlay-type":"","overlay-color":"","overlay-gradient":""}},"footnotes":""},"class_list":["post-4009","page","type-page","status-publish","has-post-thumbnail","hentry"],"_links":{"self":[{"href":"https:\/\/www.louvrecorfu.com\/fr\/wp-json\/wp\/v2\/pages\/4009","targetHints":{"allow":["GET"]}}],"collection":[{"href":"https:\/\/www.louvrecorfu.com\/fr\/wp-json\/wp\/v2\/pages"}],"about":[{"href":"https:\/\/www.louvrecorfu.com\/fr\/wp-json\/wp\/v2\/types\/page"}],"author":[{"embeddable":true,"href":"https:\/\/www.louvrecorfu.com\/fr\/wp-json\/wp\/v2\/users\/1"}],"replies":[{"embeddable":true,"href":"https:\/\/www.louvrecorfu.com\/fr\/wp-json\/wp\/v2\/comments?post=4009"}],"version-history":[{"count":1,"href":"https:\/\/www.louvrecorfu.com\/fr\/wp-json\/wp\/v2\/pages\/4009\/revisions"}],"predecessor-version":[{"id":5928,"href":"https:\/\/www.louvrecorfu.com\/fr\/wp-json\/wp\/v2\/pages\/4009\/revisions\/5928"}],"wp:featuredmedia":[{"embeddable":true,"href":"https:\/\/www.louvrecorfu.com\/fr\/wp-json\/wp\/v2\/media\/3040"}],"wp:attachment":[{"href":"https:\/\/www.louvrecorfu.com\/fr\/wp-json\/wp\/v2\/media?parent=4009"}],"curies":[{"name":"wp","href":"https:\/\/api.w.org\/{rel}","templated":true}]}}