{"id":4058,"date":"2023-01-31T12:40:46","date_gmt":"2023-01-31T10:40:46","guid":{"rendered":"https:\/\/www.louvrecorfu.com\/services\/"},"modified":"2024-03-26T15:46:33","modified_gmt":"2024-03-26T13:46:33","slug":"dienstleistungen","status":"publish","type":"page","link":"https:\/\/www.louvrecorfu.com\/de\/dienstleistungen\/","title":{"rendered":"Dienstleistungen"},"content":{"rendered":"\t\t<div data-elementor-type=\"wp-page\" data-elementor-id=\"4058\" class=\"elementor elementor-4058 elementor-133\" data-elementor-post-type=\"page\">\n\t\t\t\t<div class=\"elementor-element elementor-element-c266270 e-con-full e-flex e-con e-parent\" data-id=\"c266270\" data-element_type=\"container\" data-core-v316-plus=\"true\">\n\t\t<div class=\"elementor-element elementor-element-a6029fa e-con-full e-flex e-con e-child\" data-id=\"a6029fa\" data-element_type=\"container\">\n\t\t\t\t<div class=\"elementor-element elementor-element-79b0cae elementor-widget elementor-widget-template\" data-id=\"79b0cae\" data-element_type=\"widget\" data-widget_type=\"template.default\">\n\t\t\t\t<div class=\"elementor-widget-container\">\n\t\t\t\t\t<div class=\"elementor-template\">\n\t\t\t\t\t<div data-elementor-type=\"section\" data-elementor-id=\"4306\" class=\"elementor elementor-4306 elementor-2287\" data-elementor-post-type=\"elementor_library\">\n\t\t\t<div class=\"elementor-element elementor-element-bfa2cbb e-con-full e-flex e-con e-parent\" data-id=\"bfa2cbb\" data-element_type=\"container\" data-settings=\"{&quot;background_background&quot;:&quot;classic&quot;}\" data-core-v316-plus=\"true\">\n\t\t<div class=\"elementor-element elementor-element-f444fc9 e-con-full e-flex e-con e-child\" data-id=\"f444fc9\" data-element_type=\"container\">\n\t\t\t\t<div class=\"elementor-element elementor-element-51f8bf8 elementor-widget elementor-widget-heading\" data-id=\"51f8bf8\" data-element_type=\"widget\" data-widget_type=\"heading.default\">\n\t\t\t\t<div class=\"elementor-widget-container\">\n\t\t\t<style>\/*! elementor - v3.20.0 - 26-03-2024 *\/\n.elementor-heading-title{padding:0;margin:0;line-height:1}.elementor-widget-heading .elementor-heading-title[class*=elementor-size-]>a{color:inherit;font-size:inherit;line-height:inherit}.elementor-widget-heading .elementor-heading-title.elementor-size-small{font-size:15px}.elementor-widget-heading .elementor-heading-title.elementor-size-medium{font-size:19px}.elementor-widget-heading .elementor-heading-title.elementor-size-large{font-size:29px}.elementor-widget-heading .elementor-heading-title.elementor-size-xl{font-size:39px}.elementor-widget-heading .elementor-heading-title.elementor-size-xxl{font-size:59px}<\/style><h1 class=\"elementor-heading-title elementor-size-default\">Dienstleistungen<\/h1>\t\t<\/div>\n\t\t\t\t<\/div>\n\t\t\t\t<\/div>\n\t\t\t\t<\/div>\n\t\t\t\t<\/div>\n\t\t\t\t<\/div>\n\t\t\t\t<\/div>\n\t\t\t\t<\/div>\n\t\t\t\t<\/div>\n\t\t\t\t<\/div>\n\t\t<div class=\"elementor-element elementor-element-35a895a e-con-full e-flex e-con e-parent\" data-id=\"35a895a\" data-element_type=\"container\" data-core-v316-plus=\"true\">\n\t\t<div class=\"elementor-element elementor-element-a2d9efd e-con-full e-flex e-con e-child\" data-id=\"a2d9efd\" data-element_type=\"container\">\n\t\t\t\t<div class=\"elementor-element elementor-element-5c5883a elementor-widget elementor-widget-text-editor\" data-id=\"5c5883a\" data-element_type=\"widget\" data-widget_type=\"text-editor.default\">\n\t\t\t\t<div class=\"elementor-widget-container\">\n\t\t\t<style>\/*! elementor - v3.20.0 - 26-03-2024 *\/\n.elementor-widget-text-editor.elementor-drop-cap-view-stacked .elementor-drop-cap{background-color:#69727d;color:#fff}.elementor-widget-text-editor.elementor-drop-cap-view-framed .elementor-drop-cap{color:#69727d;border:3px solid;background-color:transparent}.elementor-widget-text-editor:not(.elementor-drop-cap-view-default) .elementor-drop-cap{margin-top:8px}.elementor-widget-text-editor:not(.elementor-drop-cap-view-default) .elementor-drop-cap-letter{width:1em;height:1em}.elementor-widget-text-editor .elementor-drop-cap{float:left;text-align:center;line-height:1;font-size:50px}.elementor-widget-text-editor .elementor-drop-cap-letter{display:inline-block}<\/style>\t\t\t\tWir bieten eine Reihe von Dienstleistungen an, um Ihren Aufenthalt bei uns so angenehm und komfortabel wie m\u00f6glich zu gestalten.\t\t\t\t\t\t<\/div>\n\t\t\t\t<\/div>\n\t\t\t\t<div class=\"elementor-element elementor-element-f478c65 elementor-widget elementor-widget-heading\" data-id=\"f478c65\" data-element_type=\"widget\" data-widget_type=\"heading.default\">\n\t\t\t\t<div class=\"elementor-widget-container\">\n\t\t\t<h2 class=\"elementor-heading-title elementor-size-default\">Unsere Dienstleistungen umfassen:<\/h2>\t\t<\/div>\n\t\t\t\t<\/div>\n\t\t<div class=\"elementor-element elementor-element-4583a07 e-grid e-con-boxed e-con e-child\" data-id=\"4583a07\" data-element_type=\"container\">\n\t\t\t\t\t<div class=\"e-con-inner\">\n\t\t\t\t<div class=\"elementor-element elementor-element-57318e3 elementor-position-top elementor-widget elementor-widget-image-box\" data-id=\"57318e3\" data-element_type=\"widget\" data-widget_type=\"image-box.default\">\n\t\t\t\t<div class=\"elementor-widget-container\">\n\t\t\t<style>\/*! elementor - v3.20.0 - 26-03-2024 *\/\n.elementor-widget-image-box .elementor-image-box-content{width:100%}@media (min-width:768px){.elementor-widget-image-box.elementor-position-left .elementor-image-box-wrapper,.elementor-widget-image-box.elementor-position-right .elementor-image-box-wrapper{display:flex}.elementor-widget-image-box.elementor-position-right .elementor-image-box-wrapper{text-align:right;flex-direction:row-reverse}.elementor-widget-image-box.elementor-position-left .elementor-image-box-wrapper{text-align:left;flex-direction:row}.elementor-widget-image-box.elementor-position-top .elementor-image-box-img{margin:auto}.elementor-widget-image-box.elementor-vertical-align-top .elementor-image-box-wrapper{align-items:flex-start}.elementor-widget-image-box.elementor-vertical-align-middle .elementor-image-box-wrapper{align-items:center}.elementor-widget-image-box.elementor-vertical-align-bottom .elementor-image-box-wrapper{align-items:flex-end}}@media (max-width:767px){.elementor-widget-image-box .elementor-image-box-img{margin-left:auto!important;margin-right:auto!important;margin-bottom:15px}}.elementor-widget-image-box .elementor-image-box-img{display:inline-block}.elementor-widget-image-box .elementor-image-box-title a{color:inherit}.elementor-widget-image-box .elementor-image-box-wrapper{text-align:center}.elementor-widget-image-box .elementor-image-box-description{margin:0}<\/style><div class=\"elementor-image-box-wrapper\"><figure class=\"elementor-image-box-img\"><img fetchpriority=\"high\" decoding=\"async\" width=\"512\" height=\"512\" src=\"https:\/\/www.louvrecorfu.com\/wp-content\/uploads\/012-wifi-signal.png\" class=\"attachment-full size-full wp-image-2312\" alt=\"\" srcset=\"https:\/\/www.louvrecorfu.com\/wp-content\/uploads\/012-wifi-signal.png 512w, https:\/\/www.louvrecorfu.com\/wp-content\/uploads\/012-wifi-signal-300x300.png 300w, https:\/\/www.louvrecorfu.com\/wp-content\/uploads\/012-wifi-signal-150x150.png 150w\" sizes=\"(max-width: 512px) 100vw, 512px\" \/><\/figure><div class=\"elementor-image-box-content\"><h3 class=\"elementor-image-box-title\">Kostenloses WLAN im gesamten Geb\u00e4ude<\/h3><\/div><\/div>\t\t<\/div>\n\t\t\t\t<\/div>\n\t\t\t\t<div class=\"elementor-element elementor-element-56885d2 elementor-position-top elementor-widget elementor-widget-image-box\" data-id=\"56885d2\" data-element_type=\"widget\" data-widget_type=\"image-box.default\">\n\t\t\t\t<div class=\"elementor-widget-container\">\n\t\t\t<div class=\"elementor-image-box-wrapper\"><figure class=\"elementor-image-box-img\"><img decoding=\"async\" width=\"512\" height=\"512\" src=\"https:\/\/www.louvrecorfu.com\/wp-content\/uploads\/021-smartphone.png\" class=\"attachment-full size-full wp-image-3092\" alt=\"\" srcset=\"https:\/\/www.louvrecorfu.com\/wp-content\/uploads\/021-smartphone.png 512w, https:\/\/www.louvrecorfu.com\/wp-content\/uploads\/021-smartphone-300x300.png 300w, https:\/\/www.louvrecorfu.com\/wp-content\/uploads\/021-smartphone-150x150.png 150w\" sizes=\"(max-width: 512px) 100vw, 512px\" \/><\/figure><div class=\"elementor-image-box-content\"><h3 class=\"elementor-image-box-title\">Tablets an der Rezeption erh\u00e4ltlich (auf Anfrage)<\/h3><\/div><\/div>\t\t<\/div>\n\t\t\t\t<\/div>\n\t\t\t\t<div class=\"elementor-element elementor-element-c1a8aa1 elementor-position-top elementor-widget elementor-widget-image-box\" data-id=\"c1a8aa1\" data-element_type=\"widget\" data-widget_type=\"image-box.default\">\n\t\t\t\t<div class=\"elementor-widget-container\">\n\t\t\t<div class=\"elementor-image-box-wrapper\"><figure class=\"elementor-image-box-img\"><img decoding=\"async\" width=\"512\" height=\"512\" src=\"https:\/\/www.louvrecorfu.com\/wp-content\/uploads\/005-check-in.png\" class=\"attachment-full size-full wp-image-3096\" alt=\"\" srcset=\"https:\/\/www.louvrecorfu.com\/wp-content\/uploads\/005-check-in.png 512w, https:\/\/www.louvrecorfu.com\/wp-content\/uploads\/005-check-in-300x300.png 300w, https:\/\/www.louvrecorfu.com\/wp-content\/uploads\/005-check-in-150x150.png 150w\" sizes=\"(max-width: 512px) 100vw, 512px\" \/><\/figure><div class=\"elementor-image-box-content\"><h3 class=\"elementor-image-box-title\">PC-Ecke (gegen Aufpreis)<\/h3><\/div><\/div>\t\t<\/div>\n\t\t\t\t<\/div>\n\t\t\t\t<div class=\"elementor-element elementor-element-44e96ba elementor-position-top elementor-widget elementor-widget-image-box\" data-id=\"44e96ba\" data-element_type=\"widget\" data-widget_type=\"image-box.default\">\n\t\t\t\t<div class=\"elementor-widget-container\">\n\t\t\t<div class=\"elementor-image-box-wrapper\"><figure class=\"elementor-image-box-img\"><img loading=\"lazy\" decoding=\"async\" width=\"512\" height=\"512\" src=\"https:\/\/www.louvrecorfu.com\/wp-content\/uploads\/013-safety-box.png\" class=\"attachment-full size-full wp-image-1146\" alt=\"\" srcset=\"https:\/\/www.louvrecorfu.com\/wp-content\/uploads\/013-safety-box.png 512w, https:\/\/www.louvrecorfu.com\/wp-content\/uploads\/013-safety-box-300x300.png 300w, https:\/\/www.louvrecorfu.com\/wp-content\/uploads\/013-safety-box-150x150.png 150w\" sizes=\"(max-width: 512px) 100vw, 512px\" \/><\/figure><div class=\"elementor-image-box-content\"><h3 class=\"elementor-image-box-title\">Schlie\u00dff\u00e4cher (gegen Aufpreis)<\/h3><\/div><\/div>\t\t<\/div>\n\t\t\t\t<\/div>\n\t\t\t\t<div class=\"elementor-element elementor-element-d5d7039 elementor-position-top elementor-widget elementor-widget-image-box\" data-id=\"d5d7039\" data-element_type=\"widget\" data-widget_type=\"image-box.default\">\n\t\t\t\t<div class=\"elementor-widget-container\">\n\t\t\t<div class=\"elementor-image-box-wrapper\"><figure class=\"elementor-image-box-img\"><img loading=\"lazy\" decoding=\"async\" width=\"512\" height=\"512\" src=\"https:\/\/www.louvrecorfu.com\/wp-content\/uploads\/043-luggage-1.png\" class=\"attachment-full size-full wp-image-1157\" alt=\"\" srcset=\"https:\/\/www.louvrecorfu.com\/wp-content\/uploads\/043-luggage-1.png 512w, https:\/\/www.louvrecorfu.com\/wp-content\/uploads\/043-luggage-1-300x300.png 300w, https:\/\/www.louvrecorfu.com\/wp-content\/uploads\/043-luggage-1-150x150.png 150w\" sizes=\"(max-width: 512px) 100vw, 512px\" \/><\/figure><div class=\"elementor-image-box-content\"><h3 class=\"elementor-image-box-title\">Gep\u00e4ckaufbewahrung<\/h3><\/div><\/div>\t\t<\/div>\n\t\t\t\t<\/div>\n\t\t\t\t<div class=\"elementor-element elementor-element-0d00f80 elementor-position-top elementor-widget elementor-widget-image-box\" data-id=\"0d00f80\" data-element_type=\"widget\" data-widget_type=\"image-box.default\">\n\t\t\t\t<div class=\"elementor-widget-container\">\n\t\t\t<div class=\"elementor-image-box-wrapper\"><figure class=\"elementor-image-box-img\"><img loading=\"lazy\" decoding=\"async\" width=\"512\" height=\"512\" src=\"https:\/\/www.louvrecorfu.com\/wp-content\/uploads\/012-shower.png\" class=\"attachment-full size-full wp-image-3101\" alt=\"\" srcset=\"https:\/\/www.louvrecorfu.com\/wp-content\/uploads\/012-shower.png 512w, https:\/\/www.louvrecorfu.com\/wp-content\/uploads\/012-shower-300x300.png 300w, https:\/\/www.louvrecorfu.com\/wp-content\/uploads\/012-shower-150x150.png 150w\" sizes=\"(max-width: 512px) 100vw, 512px\" \/><\/figure><div class=\"elementor-image-box-content\"><h3 class=\"elementor-image-box-title\">Courtesy Room mit Dusche<\/h3><\/div><\/div>\t\t<\/div>\n\t\t\t\t<\/div>\n\t\t\t\t<div class=\"elementor-element elementor-element-f979415 elementor-position-top elementor-widget elementor-widget-image-box\" data-id=\"f979415\" data-element_type=\"widget\" data-widget_type=\"image-box.default\">\n\t\t\t\t<div class=\"elementor-widget-container\">\n\t\t\t<div class=\"elementor-image-box-wrapper\"><figure class=\"elementor-image-box-img\"><img loading=\"lazy\" decoding=\"async\" width=\"512\" height=\"512\" src=\"https:\/\/www.louvrecorfu.com\/wp-content\/uploads\/food-basket.png\" class=\"attachment-full size-full wp-image-3085\" alt=\"\" srcset=\"https:\/\/www.louvrecorfu.com\/wp-content\/uploads\/food-basket.png 512w, https:\/\/www.louvrecorfu.com\/wp-content\/uploads\/food-basket-300x300.png 300w, https:\/\/www.louvrecorfu.com\/wp-content\/uploads\/food-basket-150x150.png 150w\" sizes=\"(max-width: 512px) 100vw, 512px\" \/><\/figure><div class=\"elementor-image-box-content\"><h3 class=\"elementor-image-box-title\">Fr\u00fchst\u00fcckskorb<\/h3><\/div><\/div>\t\t<\/div>\n\t\t\t\t<\/div>\n\t\t\t\t<div class=\"elementor-element elementor-element-75bcbe4 elementor-position-top elementor-widget elementor-widget-image-box\" data-id=\"75bcbe4\" data-element_type=\"widget\" data-widget_type=\"image-box.default\">\n\t\t\t\t<div class=\"elementor-widget-container\">\n\t\t\t<div class=\"elementor-image-box-wrapper\"><figure class=\"elementor-image-box-img\"><img loading=\"lazy\" decoding=\"async\" width=\"512\" height=\"512\" src=\"https:\/\/www.louvrecorfu.com\/wp-content\/uploads\/002-breakfast.png\" class=\"attachment-full size-full wp-image-1134\" alt=\"\" srcset=\"https:\/\/www.louvrecorfu.com\/wp-content\/uploads\/002-breakfast.png 512w, https:\/\/www.louvrecorfu.com\/wp-content\/uploads\/002-breakfast-300x300.png 300w, https:\/\/www.louvrecorfu.com\/wp-content\/uploads\/002-breakfast-150x150.png 150w\" sizes=\"(max-width: 512px) 100vw, 512px\" \/><\/figure><div class=\"elementor-image-box-content\"><h3 class=\"elementor-image-box-title\">Fr\u00fchst\u00fccksservice auf Anfrage<\/h3><\/div><\/div>\t\t<\/div>\n\t\t\t\t<\/div>\n\t\t\t\t<div class=\"elementor-element elementor-element-a04797c elementor-position-top elementor-widget elementor-widget-image-box\" data-id=\"a04797c\" data-element_type=\"widget\" data-widget_type=\"image-box.default\">\n\t\t\t\t<div class=\"elementor-widget-container\">\n\t\t\t<div class=\"elementor-image-box-wrapper\"><figure class=\"elementor-image-box-img\"><img loading=\"lazy\" decoding=\"async\" width=\"512\" height=\"512\" src=\"https:\/\/www.louvrecorfu.com\/wp-content\/uploads\/033-laundry.png\" class=\"attachment-full size-full wp-image-1162\" alt=\"\" srcset=\"https:\/\/www.louvrecorfu.com\/wp-content\/uploads\/033-laundry.png 512w, https:\/\/www.louvrecorfu.com\/wp-content\/uploads\/033-laundry-300x300.png 300w, https:\/\/www.louvrecorfu.com\/wp-content\/uploads\/033-laundry-150x150.png 150w\" sizes=\"(max-width: 512px) 100vw, 512px\" \/><\/figure><div class=\"elementor-image-box-content\"><h3 class=\"elementor-image-box-title\">W\u00e4scheservice (gegen Geb\u00fchr)<\/h3><\/div><\/div>\t\t<\/div>\n\t\t\t\t<\/div>\n\t\t\t\t\t<\/div>\n\t\t\t\t<\/div>\n\t\t\t\t<\/div>\n\t\t<div class=\"elementor-element elementor-element-c640346 e-con-full e-flex e-con e-child\" data-id=\"c640346\" data-element_type=\"container\">\n\t\t\t\t<div class=\"elementor-element elementor-element-ae530ec elementor-hidden-mobile elementor-widget elementor-widget-image\" data-id=\"ae530ec\" data-element_type=\"widget\" data-widget_type=\"image.default\">\n\t\t\t\t<div class=\"elementor-widget-container\">\n\t\t\t<style>\/*! elementor - v3.20.0 - 26-03-2024 *\/\n.elementor-widget-image{text-align:center}.elementor-widget-image a{display:inline-block}.elementor-widget-image a img[src$=\".svg\"]{width:48px}.elementor-widget-image img{vertical-align:middle;display:inline-block}<\/style>\t\t\t\t\t\t\t\t\t\t<img decoding=\"async\" src=\"https:\/\/www.louvrecorfu.com\/wp-content\/uploads\/elementor\/thumbs\/services-our-services-include-louvre-ql6vmglr5cie12hrz7ge8634tlco0cinh1ndv7ng9c.jpg\" title=\"services-our-services-include-louvre\" alt=\"services-our-services-include-louvre\" loading=\"lazy\" \/>\t\t\t\t\t\t\t\t\t\t\t\t\t<\/div>\n\t\t\t\t<\/div>\n\t\t\t\t<\/div>\n\t\t\t\t<\/div>\n\t\t<div class=\"elementor-element elementor-element-29059fc e-con-full e-flex e-con e-parent\" data-id=\"29059fc\" data-element_type=\"container\" data-core-v316-plus=\"true\">\n\t\t<div class=\"elementor-element elementor-element-e8139ad e-con-full e-flex e-con e-child\" data-id=\"e8139ad\" data-element_type=\"container\">\n\t\t\t\t<div class=\"elementor-element elementor-element-09b36ef elementor-widget elementor-widget-template\" data-id=\"09b36ef\" data-element_type=\"widget\" data-widget_type=\"template.default\">\n\t\t\t\t<div class=\"elementor-widget-container\">\n\t\t\t\t\t<div class=\"elementor-template\">\n\t\t\t\t\t<div data-elementor-type=\"section\" data-elementor-id=\"4074\" class=\"elementor elementor-4074 elementor-1243\" data-elementor-post-type=\"elementor_library\">\n\t\t\t<div class=\"elementor-element elementor-element-a0c1fa1 e-con-full e-flex e-con e-parent\" data-id=\"a0c1fa1\" data-element_type=\"container\" data-settings=\"{&quot;background_background&quot;:&quot;classic&quot;}\" data-core-v316-plus=\"true\">\n\t\t<div class=\"elementor-element elementor-element-e20e470 e-con-full e-flex e-con e-child\" data-id=\"e20e470\" data-element_type=\"container\">\n\t\t\t\t<div class=\"elementor-element elementor-element-d88b4a3 elementor-widget elementor-widget-heading\" data-id=\"d88b4a3\" data-element_type=\"widget\" data-widget_type=\"heading.default\">\n\t\t\t\t<div class=\"elementor-widget-container\">\n\t\t\t<h3 class=\"elementor-heading-title elementor-size-default\">Einen Schritt n\u00e4her an Ihrem idealen Urlaub<\/h3>\t\t<\/div>\n\t\t\t\t<\/div>\n\t\t\t\t<div class=\"elementor-element elementor-element-99930aa elementor-align-center elementor-widget elementor-widget-button\" data-id=\"99930aa\" data-element_type=\"widget\" data-widget_type=\"button.default\">\n\t\t\t\t<div class=\"elementor-widget-container\">\n\t\t\t\t\t<div class=\"elementor-button-wrapper\">\n\t\t\t<a class=\"elementor-button elementor-button-link elementor-size-sm\" href=\"https:\/\/louvrehotel.reserve-online.net\/\" target=\"_blank\" rel=\"noopener\">\n\t\t\t\t\t\t<span class=\"elementor-button-content-wrapper\">\n\t\t\t\t\t\t<span class=\"elementor-button-text\">JETZT BUCHEN<\/span>\n\t\t<\/span>\n\t\t\t\t\t<\/a>\n\t\t<\/div>\n\t\t\t\t<\/div>\n\t\t\t\t<\/div>\n\t\t\t\t<\/div>\n\t\t\t\t<\/div>\n\t\t\t\t<\/div>\n\t\t\t\t<\/div>\n\t\t\t\t<\/div>\n\t\t\t\t<\/div>\n\t\t\t\t<\/div>\n\t\t\t\t<\/div>\n\t\t\t\t<\/div>\n\t\t","protected":false},"excerpt":{"rendered":"<p>Wir bieten eine Reihe von Dienstleistungen an, um Ihren Aufenthalt bei uns so angenehm und komfortabel wie m\u00f6glich zu gestalten. Unsere Dienstleistungen umfassen: Kostenloses WLAN im gesamten Geb\u00e4ude Tablets an der Rezeption erh\u00e4ltlich (auf Anfrage) PC-Ecke (gegen Aufpreis) Schlie\u00dff\u00e4cher (gegen Aufpreis) Gep\u00e4ckaufbewahrung Courtesy Room mit Dusche Fr\u00fchst\u00fcckskorb Fr\u00fchst\u00fccksservice auf Anfrage W\u00e4scheservice (gegen Geb\u00fchr)<\/p>\n","protected":false},"author":1,"featured_media":3508,"parent":0,"menu_order":0,"comment_status":"closed","ping_status":"closed","template":"","meta":{"site-sidebar-layout":"no-sidebar","site-content-layout":"page-builder","ast-site-content-layout":"full-width-container","site-content-style":"unboxed","site-sidebar-style":"unboxed","ast-global-header-display":"","ast-banner-title-visibility":"","ast-main-header-display":"","ast-hfb-above-header-display":"","ast-hfb-below-header-display":"","ast-hfb-mobile-header-display":"","site-post-title":"disabled","ast-breadcrumbs-content":"","ast-featured-img":"disabled","footer-sml-layout":"","theme-transparent-header-meta":"","adv-header-id-meta":"","stick-header-meta":"","header-above-stick-meta":"","header-main-stick-meta":"","header-below-stick-meta":"","astra-migrate-meta-layouts":"set","ast-page-background-enabled":"default","ast-page-background-meta":{"desktop":{"background-color":"var(--ast-global-color-4)","background-image":"","background-repeat":"repeat","background-position":"center center","background-size":"auto","background-attachment":"scroll","background-type":"","background-media":"","overlay-type":"","overlay-color":"","overlay-gradient":""},"tablet":{"background-color":"","background-image":"","background-repeat":"repeat","background-position":"center center","background-size":"auto","background-attachment":"scroll","background-type":"","background-media":"","overlay-type":"","overlay-color":"","overlay-gradient":""},"mobile":{"background-color":"","background-image":"","background-repeat":"repeat","background-position":"center center","background-size":"auto","background-attachment":"scroll","background-type":"","background-media":"","overlay-type":"","overlay-color":"","overlay-gradient":""}},"ast-content-background-meta":{"desktop":{"background-color":"var(--ast-global-color-5)","background-image":"","background-repeat":"repeat","background-position":"center center","background-size":"auto","background-attachment":"scroll","background-type":"","background-media":"","overlay-type":"","overlay-color":"","overlay-gradient":""},"tablet":{"background-color":"var(--ast-global-color-5)","background-image":"","background-repeat":"repeat","background-position":"center center","background-size":"auto","background-attachment":"scroll","background-type":"","background-media":"","overlay-type":"","overlay-color":"","overlay-gradient":""},"mobile":{"background-color":"var(--ast-global-color-5)","background-image":"","background-repeat":"repeat","background-position":"center center","background-size":"auto","background-attachment":"scroll","background-type":"","background-media":"","overlay-type":"","overlay-color":"","overlay-gradient":""}},"footnotes":""},"class_list":["post-4058","page","type-page","status-publish","has-post-thumbnail","hentry"],"_links":{"self":[{"href":"https:\/\/www.louvrecorfu.com\/de\/wp-json\/wp\/v2\/pages\/4058","targetHints":{"allow":["GET"]}}],"collection":[{"href":"https:\/\/www.louvrecorfu.com\/de\/wp-json\/wp\/v2\/pages"}],"about":[{"href":"https:\/\/www.louvrecorfu.com\/de\/wp-json\/wp\/v2\/types\/page"}],"author":[{"embeddable":true,"href":"https:\/\/www.louvrecorfu.com\/de\/wp-json\/wp\/v2\/users\/1"}],"replies":[{"embeddable":true,"href":"https:\/\/www.louvrecorfu.com\/de\/wp-json\/wp\/v2\/comments?post=4058"}],"version-history":[{"count":1,"href":"https:\/\/www.louvrecorfu.com\/de\/wp-json\/wp\/v2\/pages\/4058\/revisions"}],"predecessor-version":[{"id":5684,"href":"https:\/\/www.louvrecorfu.com\/de\/wp-json\/wp\/v2\/pages\/4058\/revisions\/5684"}],"wp:featuredmedia":[{"embeddable":true,"href":"https:\/\/www.louvrecorfu.com\/de\/wp-json\/wp\/v2\/media\/3508"}],"wp:attachment":[{"href":"https:\/\/www.louvrecorfu.com\/de\/wp-json\/wp\/v2\/media?parent=4058"}],"curies":[{"name":"wp","href":"https:\/\/api.w.org\/{rel}","templated":true}]}}