{"id":4010,"date":"2023-01-31T08:52:14","date_gmt":"2023-01-31T06:52:14","guid":{"rendered":"https:\/\/www.louvrecorfu.com\/faq\/"},"modified":"2026-02-24T16:06:38","modified_gmt":"2026-02-24T14:06:38","slug":"haeufig-gestellte-fragen","status":"publish","type":"page","link":"https:\/\/www.louvrecorfu.com\/de\/haeufig-gestellte-fragen\/","title":{"rendered":"H\u00e4ufig gestellte Fragen"},"content":{"rendered":"\t\t<div data-elementor-type=\"wp-page\" data-elementor-id=\"4010\" class=\"elementor elementor-4010 elementor-87\" data-elementor-post-type=\"page\">\n\t\t\t\t<div class=\"elementor-element elementor-element-4f80f90 e-con-full e-flex e-con e-parent\" data-id=\"4f80f90\" data-element_type=\"container\" data-settings=\"{&quot;background_background&quot;:&quot;classic&quot;}\" data-core-v316-plus=\"true\">\n\t\t<div class=\"elementor-element elementor-element-9d80386 e-con-full e-flex e-con e-child\" data-id=\"9d80386\" data-element_type=\"container\">\n\t\t\t\t<div class=\"elementor-element elementor-element-5a311d6 elementor-widget elementor-widget-heading\" data-id=\"5a311d6\" data-element_type=\"widget\" data-widget_type=\"heading.default\">\n\t\t\t\t<div class=\"elementor-widget-container\">\n\t\t\t<style>\/*! elementor - v3.20.0 - 26-03-2024 *\/\n.elementor-heading-title{padding:0;margin:0;line-height:1}.elementor-widget-heading .elementor-heading-title[class*=elementor-size-]>a{color:inherit;font-size:inherit;line-height:inherit}.elementor-widget-heading .elementor-heading-title.elementor-size-small{font-size:15px}.elementor-widget-heading .elementor-heading-title.elementor-size-medium{font-size:19px}.elementor-widget-heading .elementor-heading-title.elementor-size-large{font-size:29px}.elementor-widget-heading .elementor-heading-title.elementor-size-xl{font-size:39px}.elementor-widget-heading .elementor-heading-title.elementor-size-xxl{font-size:59px}<\/style><h1 class=\"elementor-heading-title elementor-size-default\">H\u00e4ufig gestellte Fragen<\/h1>\t\t<\/div>\n\t\t\t\t<\/div>\n\t\t\t\t<\/div>\n\t\t\t\t<\/div>\n\t\t<div class=\"elementor-element elementor-element-c222343 e-flex e-con-boxed e-con e-parent\" data-id=\"c222343\" data-element_type=\"container\" data-core-v316-plus=\"true\">\n\t\t\t\t\t<div class=\"e-con-inner\">\n\t\t<div class=\"elementor-element elementor-element-f643ded e-con-full e-flex e-con e-child\" data-id=\"f643ded\" data-element_type=\"container\">\n\t\t\t\t<div class=\"elementor-element elementor-element-2f5cebc elementor-widget elementor-widget-tp-accordion\" data-id=\"2f5cebc\" data-element_type=\"widget\" data-widget_type=\"tp-accordion.default\">\n\t\t\t\t<div class=\"elementor-widget-container\">\n\t\t\t\t\t<div class=\"theplus-accordion-wrapper elementor-accordion   \" id=\"accordion69f85d809c777\" data-accordion-id=\"accordion69f85d809c777\" data-connection=\"\" data-accordion-type=\"accordion\" data-heightlight-text    role=\"tablist\" > \n\t\t\n\t\t\t\t\t\t<div class=\"theplus-accordion-item\"  role=\"tab\">\n\t\t\t\t\t<div id=\"elementor-tab-title-4961\" class=\"elementor-tab-title plus-accordion-header active-default text-left \" data-tab=\"1\" aria-controls=\"elementor-tab-content-4961\">\n\t\t\t\t\t\t\t\t\t\t\t\t\t\t\t\t\t\t\t\t\t\t\t\t\t\t\t\t\t\t\t\t<span class=\"elementor-accordion-icon elementor-accordion-icon-left\" aria-hidden=\"true\"><i class=\"elementor-accordion-icon-closed fa fa-plus\"><\/i><i class=\"elementor-accordion-icon-opened fa fa-minus\"><\/i><\/span>\t\t\t\t\t\t\t\t\t\t\t\t\n\t\t\t\t\t\t <span style=\"width:100%\">Ist das Hotel Louvre das ganze Jahr \u00fcber ge\u00f6ffnet?<\/span>\t\t\t\t\t\t\t\t\t\t\t<\/div>\n\t\t\t\t\t\n\t\t\t\t\t\t\t\t\t\t\t<div id=\"elementor-tab-content-4961\" class=\"elementor-tab-content elementor-clearfix plus-accordion-content active-default \" data-tab=\"1\" role=\"tabpanel\" aria-labelledby=\"elementor-tab-title-4961\">\n\t\t\t\t\t\t\t<div class=\"plus-content-editor\" >Das Louvre Hotel ist saisonabh\u00e4ngig, d.h. es ist zu Ostern und von Anfang Mai bis Mitte Oktober ge\u00f6ffnet.<\/div>\t\t\t\t\t\t\t\t\t\t\t\t\t\n\t\t\t\t\t\t<\/div> \n\t\t\t\t\t\t\t\t\t\t\n\t\t\t\t<\/div>\n\t\t\t\t\t\t\t\t<div class=\"theplus-accordion-item\"  role=\"tab\">\n\t\t\t\t\t<div id=\"elementor-tab-title-4962\" class=\"elementor-tab-title plus-accordion-header no text-left \" data-tab=\"2\" aria-controls=\"elementor-tab-content-4962\">\n\t\t\t\t\t\t\t\t\t\t\t\t\t\t\t\t\t\t\t\t\t\t\t\t\t\t\t\t\t\t\t\t<span class=\"elementor-accordion-icon elementor-accordion-icon-left\" aria-hidden=\"true\"><i class=\"elementor-accordion-icon-closed fa fa-plus\"><\/i><i class=\"elementor-accordion-icon-opened fa fa-minus\"><\/i><\/span>\t\t\t\t\t\t\t\t\t\t\t\t\n\t\t\t\t\t\t <span style=\"width:100%\">Wurde das Hotel Louvre k\u00fcrzlich renoviert?<\/span>\t\t\t\t\t\t\t\t\t\t\t<\/div>\n\t\t\t\t\t\n\t\t\t\t\t\t\t\t\t\t\t<div id=\"elementor-tab-content-4962\" class=\"elementor-tab-content elementor-clearfix plus-accordion-content no \" data-tab=\"2\" role=\"tabpanel\" aria-labelledby=\"elementor-tab-title-4962\">\n\t\t\t\t\t\t\t<div class=\"plus-content-editor\" >Alle Zimmer des Hotels sind k\u00fcrzlich renoviert worden.<\/div>\t\t\t\t\t\t\t\t\t\t\t\t\t\n\t\t\t\t\t\t<\/div> \n\t\t\t\t\t\t\t\t\t\t\n\t\t\t\t<\/div>\n\t\t\t\t\t\t\t\t<div class=\"theplus-accordion-item\"  role=\"tab\">\n\t\t\t\t\t<div id=\"elementor-tab-title-4963\" class=\"elementor-tab-title plus-accordion-header no text-left \" data-tab=\"3\" aria-controls=\"elementor-tab-content-4963\">\n\t\t\t\t\t\t\t\t\t\t\t\t\t\t\t\t\t\t\t\t\t\t\t\t\t\t\t\t\t\t\t\t<span class=\"elementor-accordion-icon elementor-accordion-icon-left\" aria-hidden=\"true\"><i class=\"elementor-accordion-icon-closed fa fa-plus\"><\/i><i class=\"elementor-accordion-icon-opened fa fa-minus\"><\/i><\/span>\t\t\t\t\t\t\t\t\t\t\t\t\n\t\t\t\t\t\t <span style=\"width:100%\">Befindet sich das Louvre Hotel in der N\u00e4he des Strandes?<\/span>\t\t\t\t\t\t\t\t\t\t\t<\/div>\n\t\t\t\t\t\n\t\t\t\t\t\t\t\t\t\t\t<div id=\"elementor-tab-content-4963\" class=\"elementor-tab-content elementor-clearfix plus-accordion-content no \" data-tab=\"3\" role=\"tabpanel\" aria-labelledby=\"elementor-tab-title-4963\">\n\t\t\t\t\t\t\t<div class=\"plus-content-editor\" >Ja, das Hotel liegt nur wenige Meter vom Strand von Gouvia entfernt.<\/div>\t\t\t\t\t\t\t\t\t\t\t\t\t\n\t\t\t\t\t\t<\/div> \n\t\t\t\t\t\t\t\t\t\t\n\t\t\t\t<\/div>\n\t\t\t\t\t\t\t\t<div class=\"theplus-accordion-item\"  role=\"tab\">\n\t\t\t\t\t<div id=\"elementor-tab-title-4964\" class=\"elementor-tab-title plus-accordion-header no text-left \" data-tab=\"4\" aria-controls=\"elementor-tab-content-4964\">\n\t\t\t\t\t\t\t\t\t\t\t\t\t\t\t\t\t\t\t\t\t\t\t\t\t\t\t\t\t\t\t\t<span class=\"elementor-accordion-icon elementor-accordion-icon-left\" aria-hidden=\"true\"><i class=\"elementor-accordion-icon-closed fa fa-plus\"><\/i><i class=\"elementor-accordion-icon-opened fa fa-minus\"><\/i><\/span>\t\t\t\t\t\t\t\t\t\t\t\t\n\t\t\t\t\t\t <span style=\"width:100%\">Verf\u00fcgt das Hotel \u00fcber einen Parkplatz? <\/span>\t\t\t\t\t\t\t\t\t\t\t<\/div>\n\t\t\t\t\t\n\t\t\t\t\t\t\t\t\t\t\t<div id=\"elementor-tab-content-4964\" class=\"elementor-tab-content elementor-clearfix plus-accordion-content no \" data-tab=\"4\" role=\"tabpanel\" aria-labelledby=\"elementor-tab-title-4964\">\n\t\t\t\t\t\t\t<div class=\"plus-content-editor\" >Da das Hotel an der Stra\u00dfe liegt, hat es keinen Parkplatz, aber es gibt einen kostenlosen \u00f6ffentlichen Parkplatz am Strand (100 m vom Hotel entfernt).<\/div>\t\t\t\t\t\t\t\t\t\t\t\t\t\n\t\t\t\t\t\t<\/div> \n\t\t\t\t\t\t\t\t\t\t\n\t\t\t\t<\/div>\n\t\t\t\t\t\t\t\t<div class=\"theplus-accordion-item\"  role=\"tab\">\n\t\t\t\t\t<div id=\"elementor-tab-title-4965\" class=\"elementor-tab-title plus-accordion-header no text-left \" data-tab=\"5\" aria-controls=\"elementor-tab-content-4965\">\n\t\t\t\t\t\t\t\t\t\t\t\t\t\t\t\t\t\t\t\t\t\t\t\t\t\t\t\t\t\t\t\t<span class=\"elementor-accordion-icon elementor-accordion-icon-left\" aria-hidden=\"true\"><i class=\"elementor-accordion-icon-closed fa fa-plus\"><\/i><i class=\"elementor-accordion-icon-opened fa fa-minus\"><\/i><\/span>\t\t\t\t\t\t\t\t\t\t\t\t\n\t\t\t\t\t\t <span style=\"width:100%\">Um wie viel Uhr ist der Check-in und der Check-out? <\/span>\t\t\t\t\t\t\t\t\t\t\t<\/div>\n\t\t\t\t\t\n\t\t\t\t\t\t\t\t\t\t\t<div id=\"elementor-tab-content-4965\" class=\"elementor-tab-content elementor-clearfix plus-accordion-content no \" data-tab=\"5\" role=\"tabpanel\" aria-labelledby=\"elementor-tab-title-4965\">\n\t\t\t\t\t\t\t<div class=\"plus-content-editor\" ><p>Der Check-in ist um 14:00 Uhr und der Check-out um 11:00 Uhr.<\/p><\/div>\t\t\t\t\t\t\t\t\t\t\t\t\t\n\t\t\t\t\t\t<\/div> \n\t\t\t\t\t\t\t\t\t\t\n\t\t\t\t<\/div>\n\t\t\t\t\t\t\t\t<div class=\"theplus-accordion-item\"  role=\"tab\">\n\t\t\t\t\t<div id=\"elementor-tab-title-4966\" class=\"elementor-tab-title plus-accordion-header no text-left \" data-tab=\"6\" aria-controls=\"elementor-tab-content-4966\">\n\t\t\t\t\t\t\t\t\t\t\t\t\t\t\t\t\t\t\t\t\t\t\t\t\t\t\t\t\t\t\t\t<span class=\"elementor-accordion-icon elementor-accordion-icon-left\" aria-hidden=\"true\"><i class=\"elementor-accordion-icon-closed fa fa-plus\"><\/i><i class=\"elementor-accordion-icon-opened fa fa-minus\"><\/i><\/span>\t\t\t\t\t\t\t\t\t\t\t\t\n\t\t\t\t\t\t <span style=\"width:100%\">Kann ich sp\u00e4ter auschecken\/fr\u00fcher einchecken? <\/span>\t\t\t\t\t\t\t\t\t\t\t<\/div>\n\t\t\t\t\t\n\t\t\t\t\t\t\t\t\t\t\t<div id=\"elementor-tab-content-4966\" class=\"elementor-tab-content elementor-clearfix plus-accordion-content no \" data-tab=\"6\" role=\"tabpanel\" aria-labelledby=\"elementor-tab-title-4966\">\n\t\t\t\t\t\t\t<div class=\"plus-content-editor\" >Sp\u00e4tes Auschecken oder fr\u00fches Einchecken ist auf Anfrage und nach Verf\u00fcgbarkeit m\u00f6glich und mit einem Aufpreis verbunden.<\/div>\t\t\t\t\t\t\t\t\t\t\t\t\t\n\t\t\t\t\t\t<\/div> \n\t\t\t\t\t\t\t\t\t\t\n\t\t\t\t<\/div>\n\t\t\t\t\t\t\t\t<div class=\"theplus-accordion-item\"  role=\"tab\">\n\t\t\t\t\t<div id=\"elementor-tab-title-4967\" class=\"elementor-tab-title plus-accordion-header no text-left \" data-tab=\"7\" aria-controls=\"elementor-tab-content-4967\">\n\t\t\t\t\t\t\t\t\t\t\t\t\t\t\t\t\t\t\t\t\t\t\t\t\t\t\t\t\t\t\t\t<span class=\"elementor-accordion-icon elementor-accordion-icon-left\" aria-hidden=\"true\"><i class=\"elementor-accordion-icon-closed fa fa-plus\"><\/i><i class=\"elementor-accordion-icon-opened fa fa-minus\"><\/i><\/span>\t\t\t\t\t\t\t\t\t\t\t\t\n\t\t\t\t\t\t <span style=\"width:100%\">Sind Haustiere erlaubt? <\/span>\t\t\t\t\t\t\t\t\t\t\t<\/div>\n\t\t\t\t\t\n\t\t\t\t\t\t\t\t\t\t\t<div id=\"elementor-tab-content-4967\" class=\"elementor-tab-content elementor-clearfix plus-accordion-content no \" data-tab=\"7\" role=\"tabpanel\" aria-labelledby=\"elementor-tab-title-4967\">\n\t\t\t\t\t\t\t<div class=\"plus-content-editor\" >Ihre kleinen vierbeinigen Freunde sind bei uns willkommen, solange sie weniger als 5 kg wiegen und auf Anfrage.<\/div>\t\t\t\t\t\t\t\t\t\t\t\t\t\n\t\t\t\t\t\t<\/div> \n\t\t\t\t\t\t\t\t\t\t\n\t\t\t\t<\/div>\n\t\t\t\t\t\t\t\t<div class=\"theplus-accordion-item\"  role=\"tab\">\n\t\t\t\t\t<div id=\"elementor-tab-title-4968\" class=\"elementor-tab-title plus-accordion-header no text-left \" data-tab=\"8\" aria-controls=\"elementor-tab-content-4968\">\n\t\t\t\t\t\t\t\t\t\t\t\t\t\t\t\t\t\t\t\t\t\t\t\t\t\t\t\t\t\t\t\t<span class=\"elementor-accordion-icon elementor-accordion-icon-left\" aria-hidden=\"true\"><i class=\"elementor-accordion-icon-closed fa fa-plus\"><\/i><i class=\"elementor-accordion-icon-opened fa fa-minus\"><\/i><\/span>\t\t\t\t\t\t\t\t\t\t\t\t\n\t\t\t\t\t\t <span style=\"width:100%\">Gibt es einen Aufzug? <\/span>\t\t\t\t\t\t\t\t\t\t\t<\/div>\n\t\t\t\t\t\n\t\t\t\t\t\t\t\t\t\t\t<div id=\"elementor-tab-content-4968\" class=\"elementor-tab-content elementor-clearfix plus-accordion-content no \" data-tab=\"8\" role=\"tabpanel\" aria-labelledby=\"elementor-tab-title-4968\">\n\t\t\t\t\t\t\t<div class=\"plus-content-editor\" >Ja, das Hotel verf\u00fcgt \u00fcber einen Aufzug f\u00fcr die Bequemlichkeit unserer G\u00e4ste.<\/div>\t\t\t\t\t\t\t\t\t\t\t\t\t\n\t\t\t\t\t\t<\/div> \n\t\t\t\t\t\t\t\t\t\t\n\t\t\t\t<\/div>\n\t\t\t\t\t\t\t\t<div class=\"theplus-accordion-item\"  role=\"tab\">\n\t\t\t\t\t<div id=\"elementor-tab-title-4969\" class=\"elementor-tab-title plus-accordion-header no text-left \" data-tab=\"9\" aria-controls=\"elementor-tab-content-4969\">\n\t\t\t\t\t\t\t\t\t\t\t\t\t\t\t\t\t\t\t\t\t\t\t\t\t\t\t\t\t\t\t\t<span class=\"elementor-accordion-icon elementor-accordion-icon-left\" aria-hidden=\"true\"><i class=\"elementor-accordion-icon-closed fa fa-plus\"><\/i><i class=\"elementor-accordion-icon-opened fa fa-minus\"><\/i><\/span>\t\t\t\t\t\t\t\t\t\t\t\t\n\t\t\t\t\t\t <span style=\"width:100%\">Verf\u00fcgt das Hotel \u00fcber zug\u00e4ngliche Bereiche und Zimmer? <\/span>\t\t\t\t\t\t\t\t\t\t\t<\/div>\n\t\t\t\t\t\n\t\t\t\t\t\t\t\t\t\t\t<div id=\"elementor-tab-content-4969\" class=\"elementor-tab-content elementor-clearfix plus-accordion-content no \" data-tab=\"9\" role=\"tabpanel\" aria-labelledby=\"elementor-tab-title-4969\">\n\t\t\t\t\t\t\t<div class=\"plus-content-editor\" >Ja, alle Gemeinschaftsbereiche sowie die Au\u00dfenbereiche sind \u00fcber Rampen zug\u00e4nglich, und wir bieten Zimmer im Erdgeschoss und ein barrierefreies Zimmer auf Anfrage und nach Verf\u00fcgbarkeit.<\/div>\t\t\t\t\t\t\t\t\t\t\t\t\t\n\t\t\t\t\t\t<\/div> \n\t\t\t\t\t\t\t\t\t\t\n\t\t\t\t<\/div>\n\t\t\t\t\t\t\t\t<div class=\"theplus-accordion-item\"  role=\"tab\">\n\t\t\t\t\t<div id=\"elementor-tab-title-49610\" class=\"elementor-tab-title plus-accordion-header no text-left \" data-tab=\"10\" aria-controls=\"elementor-tab-content-49610\">\n\t\t\t\t\t\t\t\t\t\t\t\t\t\t\t\t\t\t\t\t\t\t\t\t\t\t\t\t\t\t\t\t<span class=\"elementor-accordion-icon elementor-accordion-icon-left\" aria-hidden=\"true\"><i class=\"elementor-accordion-icon-closed fa fa-plus\"><\/i><i class=\"elementor-accordion-icon-opened fa fa-minus\"><\/i><\/span>\t\t\t\t\t\t\t\t\t\t\t\t\n\t\t\t\t\t\t <span style=\"width:100%\">Bietet das Louvre Hotel Fr\u00fchst\u00fcck an? <\/span>\t\t\t\t\t\t\t\t\t\t\t<\/div>\n\t\t\t\t\t\n\t\t\t\t\t\t\t\t\t\t\t<div id=\"elementor-tab-content-49610\" class=\"elementor-tab-content elementor-clearfix plus-accordion-content no \" data-tab=\"10\" role=\"tabpanel\" aria-labelledby=\"elementor-tab-title-49610\">\n\t\t\t\t\t\t\t<div class=\"plus-content-editor\" >Ja, das Louvre bietet \u00dcbernachtung mit Fr\u00fchst\u00fcck an. Das Fr\u00fchst\u00fcck wird t\u00e4glich von 07:00 bis 10:30 Uhr serviert.<\/div>\t\t\t\t\t\t\t\t\t\t\t\t\t\n\t\t\t\t\t\t<\/div> \n\t\t\t\t\t\t\t\t\t\t\n\t\t\t\t<\/div>\n\t\t\t\t\t\t<\/div> \t\t<\/div>\n\t\t\t\t<\/div>\n\t\t\t\t<\/div>\n\t\t\t\t\t<\/div>\n\t\t\t\t<\/div>\n\t\t\t\t<\/div>\n\t\t","protected":false},"excerpt":{"rendered":"<p>Ist das Hotel Louvre das ganze Jahr \u00fcber ge\u00f6ffnet? Das Louvre Hotel ist saisonabh\u00e4ngig, d.h. es ist zu Ostern und von Anfang Mai bis Mitte Oktober ge\u00f6ffnet. Wurde das Hotel Louvre k\u00fcrzlich renoviert? Alle Zimmer des Hotels sind k\u00fcrzlich renoviert worden. Befindet sich das Louvre Hotel in der N\u00e4he des Strandes? Ja, das Hotel liegt [&hellip;]<\/p>\n","protected":false},"author":1,"featured_media":3041,"parent":0,"menu_order":0,"comment_status":"closed","ping_status":"closed","template":"","meta":{"site-sidebar-layout":"no-sidebar","site-content-layout":"page-builder","ast-site-content-layout":"","site-content-style":"default","site-sidebar-style":"default","ast-global-header-display":"","ast-banner-title-visibility":"","ast-main-header-display":"","ast-hfb-above-header-display":"","ast-hfb-below-header-display":"","ast-hfb-mobile-header-display":"","site-post-title":"disabled","ast-breadcrumbs-content":"","ast-featured-img":"disabled","footer-sml-layout":"","theme-transparent-header-meta":"","adv-header-id-meta":"","stick-header-meta":"","header-above-stick-meta":"","header-main-stick-meta":"","header-below-stick-meta":"","astra-migrate-meta-layouts":"set","ast-page-background-enabled":"default","ast-page-background-meta":{"desktop":{"background-color":"var(--ast-global-color-4)","background-image":"","background-repeat":"repeat","background-position":"center center","background-size":"auto","background-attachment":"scroll","background-type":"","background-media":"","overlay-type":"","overlay-color":"","overlay-gradient":""},"tablet":{"background-color":"","background-image":"","background-repeat":"repeat","background-position":"center center","background-size":"auto","background-attachment":"scroll","background-type":"","background-media":"","overlay-type":"","overlay-color":"","overlay-gradient":""},"mobile":{"background-color":"","background-image":"","background-repeat":"repeat","background-position":"center center","background-size":"auto","background-attachment":"scroll","background-type":"","background-media":"","overlay-type":"","overlay-color":"","overlay-gradient":""}},"ast-content-background-meta":{"desktop":{"background-color":"var(--ast-global-color-5)","background-image":"","background-repeat":"repeat","background-position":"center center","background-size":"auto","background-attachment":"scroll","background-type":"","background-media":"","overlay-type":"","overlay-color":"","overlay-gradient":""},"tablet":{"background-color":"var(--ast-global-color-5)","background-image":"","background-repeat":"repeat","background-position":"center center","background-size":"auto","background-attachment":"scroll","background-type":"","background-media":"","overlay-type":"","overlay-color":"","overlay-gradient":""},"mobile":{"background-color":"var(--ast-global-color-5)","background-image":"","background-repeat":"repeat","background-position":"center center","background-size":"auto","background-attachment":"scroll","background-type":"","background-media":"","overlay-type":"","overlay-color":"","overlay-gradient":""}},"footnotes":""},"class_list":["post-4010","page","type-page","status-publish","has-post-thumbnail","hentry"],"_links":{"self":[{"href":"https:\/\/www.louvrecorfu.com\/de\/wp-json\/wp\/v2\/pages\/4010","targetHints":{"allow":["GET"]}}],"collection":[{"href":"https:\/\/www.louvrecorfu.com\/de\/wp-json\/wp\/v2\/pages"}],"about":[{"href":"https:\/\/www.louvrecorfu.com\/de\/wp-json\/wp\/v2\/types\/page"}],"author":[{"embeddable":true,"href":"https:\/\/www.louvrecorfu.com\/de\/wp-json\/wp\/v2\/users\/1"}],"replies":[{"embeddable":true,"href":"https:\/\/www.louvrecorfu.com\/de\/wp-json\/wp\/v2\/comments?post=4010"}],"version-history":[{"count":1,"href":"https:\/\/www.louvrecorfu.com\/de\/wp-json\/wp\/v2\/pages\/4010\/revisions"}],"predecessor-version":[{"id":5932,"href":"https:\/\/www.louvrecorfu.com\/de\/wp-json\/wp\/v2\/pages\/4010\/revisions\/5932"}],"wp:featuredmedia":[{"embeddable":true,"href":"https:\/\/www.louvrecorfu.com\/de\/wp-json\/wp\/v2\/media\/3041"}],"wp:attachment":[{"href":"https:\/\/www.louvrecorfu.com\/de\/wp-json\/wp\/v2\/media?parent=4010"}],"curies":[{"name":"wp","href":"https:\/\/api.w.org\/{rel}","templated":true}]}}